{"id":3,"date":"2025-01-02T15:46:14","date_gmt":"2025-01-02T14:46:14","guid":{"rendered":"https:\/\/www.delagemusic.fr\/instrument\/?page_id=3"},"modified":"2025-01-14T12:51:25","modified_gmt":"2025-01-14T11:51:25","slug":"politique-de-confidentialite","status":"publish","type":"page","link":"https:\/\/www.delagemusic.fr\/instrument\/politique-de-confidentialite\/","title":{"rendered":"Politique de confidentialit\u00e9"},"content":{"rendered":"<div class=\"wpb-content-wrapper\"><p>[vc_row][vc_column][vc_column_text css=\u00a0\u00bb\u00a0\u00bb woodmart_inline=\u00a0\u00bbno\u00a0\u00bb text_larger=\u00a0\u00bbno\u00a0\u00bb]<strong>1. Informations l\u00e9gales :<\/strong><br \/>\nPropri\u00e9taire : DELAGE MUSIC<br \/>\nAdresse postale : 66 Rue de Chevilly &#8211; Pavillon 15<br \/>\n94240 L&rsquo;Ha\u00ff-les-Roses, France<br \/>\nCr\u00e9ateur du site : Chris<br \/>\nResponsable de la publication : Chris<br \/>\nWebmaster &amp; design : Chris<br \/>\nH\u00e9bergeur du site : Funio &#8211; Canada<\/p>\n<p><strong>2. Accessibilit\u00e9 :<\/strong><br \/>\nLe site www.delagemusic.fr est par principe accessible aux utilisateurs 24\/24h, 7\/7j, sauf interruption, programm\u00e9e ou non, pour les besoins de sa maintenance ou en cas de force majeure. N\u2019\u00e9tant soumis qu\u2019\u00e0 une obligation de moyen, www.delagemusic.fr ne saurait \u00eatre tenu pour responsable de tout dommage, quelle qu\u2019en soit la nature, r\u00e9sultant d\u2019une indisponibilit\u00e9 du service.<\/p>\n<p><strong>3. Liens hypertextes et cookies :<\/strong><br \/>\nL\u2019utilisateur est inform\u00e9 que lors de ses visites sur le site www.delagemusic.fr un ou des cookies sont susceptibles de s\u2019installer automatiquement sur son ordinateur par l\u2019interm\u00e9diaire de son logiciel de navigation. Un cookie est un bloc de donn\u00e9es qui ne permet pas d\u2019identifier l\u2019utilisateur, mais qui enregistre des informations relatives \u00e0 la navigation de celui-ci sur le site.<\/p>\n<p><strong>4. Protection des biens et des personnes \u2013 gestion des donn\u00e9es personnelles :<\/strong><br \/>\nSur le site www.delagemusic.fr ne collecte des informations personnelles relatives \u00e0 l\u2019utilisateur que pour les besoins de certains services propos\u00e9s par le site www.delagemusic.fr. L\u2019utilisateur fournit ces informations en toute connaissance de cause, notamment lorsqu\u2019il proc\u00e8de par lui-m\u00eame \u00e0 leur saisie. Il est alors pr\u00e9cis\u00e9 \u00e0 l\u2019utilisateur du site www.delagemusic.fr l\u2019obligation ou non de fournir ces informations.[\/vc_column_text][\/vc_column][\/vc_row]<\/p>\n<\/div>","protected":false},"excerpt":{"rendered":"<p>[vc_row][vc_column][vc_column_text css=\u00a0\u00bb\u00a0\u00bb woodmart_inline=\u00a0\u00bbno\u00a0\u00bb text_larger=\u00a0\u00bbno\u00a0\u00bb]1. Informations l\u00e9gales : Propri\u00e9taire : DELAGE MUSIC Adresse postale : 66 Rue de Chevilly &#8211; Pavillon<\/p>\n","protected":false},"author":1,"featured_media":0,"parent":0,"menu_order":0,"comment_status":"closed","ping_status":"closed","template":"","meta":{"footnotes":""},"class_list":["post-3","page","type-page","status-publish","hentry"],"yoast_head":"<title>Politique de confidentialit\u00e9 - Delage Music<\/title>\n<meta name=\"robots\" content=\"index, follow, max-snippet:-1, max-image-preview:large, max-video-preview:-1\" \/>\n<link rel=\"canonical\" href=\"https:\/\/www.delagemusic.fr\/instrument\/politique-de-confidentialite\/\" \/>\n<meta property=\"og:locale\" content=\"fr_FR\" \/>\n<meta property=\"og:type\" content=\"article\" \/>\n<meta property=\"og:title\" content=\"Politique de confidentialit\u00e9 - Delage Music\" \/>\n<meta property=\"og:description\" content=\"[vc_row][vc_column][vc_column_text css=\u00a0\u00bb\u00a0\u00bb woodmart_inline=\u00a0\u00bbno\u00a0\u00bb text_larger=\u00a0\u00bbno\u00a0\u00bb]1. Informations l\u00e9gales : Propri\u00e9taire : DELAGE MUSIC Adresse postale : 66 Rue de Chevilly &#8211; Pavillon\" \/>\n<meta property=\"og:url\" content=\"https:\/\/www.delagemusic.fr\/instrument\/politique-de-confidentialite\/\" \/>\n<meta property=\"og:site_name\" content=\"Delage Music\" \/>\n<meta property=\"article:modified_time\" content=\"2025-01-14T11:51:25+00:00\" \/>\n<script type=\"application\/ld+json\" class=\"yoast-schema-graph\">{\"@context\":\"https:\\\/\\\/schema.org\",\"@graph\":[{\"@type\":\"WebPage\",\"@id\":\"https:\\\/\\\/www.delagemusic.fr\\\/instrument\\\/politique-de-confidentialite\\\/\",\"url\":\"https:\\\/\\\/www.delagemusic.fr\\\/instrument\\\/politique-de-confidentialite\\\/\",\"name\":\"Politique de confidentialit\u00e9 - Delage Music\",\"isPartOf\":{\"@id\":\"https:\\\/\\\/www.delagemusic.fr\\\/instrument\\\/#website\"},\"datePublished\":\"2025-01-02T14:46:14+00:00\",\"dateModified\":\"2025-01-14T11:51:25+00:00\",\"breadcrumb\":{\"@id\":\"https:\\\/\\\/www.delagemusic.fr\\\/instrument\\\/politique-de-confidentialite\\\/#breadcrumb\"},\"inLanguage\":\"fr-FR\",\"potentialAction\":[{\"@type\":\"ReadAction\",\"target\":[\"https:\\\/\\\/www.delagemusic.fr\\\/instrument\\\/politique-de-confidentialite\\\/\"]}]},{\"@type\":\"BreadcrumbList\",\"@id\":\"https:\\\/\\\/www.delagemusic.fr\\\/instrument\\\/politique-de-confidentialite\\\/#breadcrumb\",\"itemListElement\":[{\"@type\":\"ListItem\",\"position\":1,\"name\":\"Accueil\",\"item\":\"https:\\\/\\\/www.delagemusic.fr\\\/instrument\\\/\"},{\"@type\":\"ListItem\",\"position\":2,\"name\":\"Politique de confidentialit\u00e9\"}]},{\"@type\":\"WebSite\",\"@id\":\"https:\\\/\\\/www.delagemusic.fr\\\/instrument\\\/#website\",\"url\":\"https:\\\/\\\/www.delagemusic.fr\\\/instrument\\\/\",\"name\":\"Delage Music\",\"description\":\"Instruments, musique et partitions\",\"publisher\":{\"@id\":\"https:\\\/\\\/www.delagemusic.fr\\\/instrument\\\/#organization\"},\"alternateName\":\"Delage Music\",\"potentialAction\":[{\"@type\":\"SearchAction\",\"target\":{\"@type\":\"EntryPoint\",\"urlTemplate\":\"https:\\\/\\\/www.delagemusic.fr\\\/instrument\\\/?s={search_term_string}\"},\"query-input\":{\"@type\":\"PropertyValueSpecification\",\"valueRequired\":true,\"valueName\":\"search_term_string\"}}],\"inLanguage\":\"fr-FR\"},{\"@type\":\"Organization\",\"@id\":\"https:\\\/\\\/www.delagemusic.fr\\\/instrument\\\/#organization\",\"name\":\"Delage Music\",\"alternateName\":\"Delage Music\",\"url\":\"https:\\\/\\\/www.delagemusic.fr\\\/instrument\\\/\",\"logo\":{\"@type\":\"ImageObject\",\"inLanguage\":\"fr-FR\",\"@id\":\"https:\\\/\\\/www.delagemusic.fr\\\/instrument\\\/#\\\/schema\\\/logo\\\/image\\\/\",\"url\":\"https:\\\/\\\/www.delagemusic.fr\\\/instrument\\\/wp-content\\\/uploads\\\/2025\\\/01\\\/delage_music_noir_logo_svg.svg\",\"contentUrl\":\"https:\\\/\\\/www.delagemusic.fr\\\/instrument\\\/wp-content\\\/uploads\\\/2025\\\/01\\\/delage_music_noir_logo_svg.svg\",\"width\":196,\"height\":133,\"caption\":\"Delage Music\"},\"image\":{\"@id\":\"https:\\\/\\\/www.delagemusic.fr\\\/instrument\\\/#\\\/schema\\\/logo\\\/image\\\/\"}}]}<\/script>","yoast_head_json":{"title":"Politique de confidentialit\u00e9 - Delage Music","robots":{"index":"index","follow":"follow","max-snippet":"max-snippet:-1","max-image-preview":"max-image-preview:large","max-video-preview":"max-video-preview:-1"},"canonical":"https:\/\/www.delagemusic.fr\/instrument\/politique-de-confidentialite\/","og_locale":"fr_FR","og_type":"article","og_title":"Politique de confidentialit\u00e9 - Delage Music","og_description":"[vc_row][vc_column][vc_column_text css=\u00a0\u00bb\u00a0\u00bb woodmart_inline=\u00a0\u00bbno\u00a0\u00bb text_larger=\u00a0\u00bbno\u00a0\u00bb]1. Informations l\u00e9gales : Propri\u00e9taire : DELAGE MUSIC Adresse postale : 66 Rue de Chevilly &#8211; Pavillon","og_url":"https:\/\/www.delagemusic.fr\/instrument\/politique-de-confidentialite\/","og_site_name":"Delage Music","article_modified_time":"2025-01-14T11:51:25+00:00","schema":{"@context":"https:\/\/schema.org","@graph":[{"@type":"WebPage","@id":"https:\/\/www.delagemusic.fr\/instrument\/politique-de-confidentialite\/","url":"https:\/\/www.delagemusic.fr\/instrument\/politique-de-confidentialite\/","name":"Politique de confidentialit\u00e9 - Delage Music","isPartOf":{"@id":"https:\/\/www.delagemusic.fr\/instrument\/#website"},"datePublished":"2025-01-02T14:46:14+00:00","dateModified":"2025-01-14T11:51:25+00:00","breadcrumb":{"@id":"https:\/\/www.delagemusic.fr\/instrument\/politique-de-confidentialite\/#breadcrumb"},"inLanguage":"fr-FR","potentialAction":[{"@type":"ReadAction","target":["https:\/\/www.delagemusic.fr\/instrument\/politique-de-confidentialite\/"]}]},{"@type":"BreadcrumbList","@id":"https:\/\/www.delagemusic.fr\/instrument\/politique-de-confidentialite\/#breadcrumb","itemListElement":[{"@type":"ListItem","position":1,"name":"Accueil","item":"https:\/\/www.delagemusic.fr\/instrument\/"},{"@type":"ListItem","position":2,"name":"Politique de confidentialit\u00e9"}]},{"@type":"WebSite","@id":"https:\/\/www.delagemusic.fr\/instrument\/#website","url":"https:\/\/www.delagemusic.fr\/instrument\/","name":"Delage Music","description":"Instruments, musique et partitions","publisher":{"@id":"https:\/\/www.delagemusic.fr\/instrument\/#organization"},"alternateName":"Delage Music","potentialAction":[{"@type":"SearchAction","target":{"@type":"EntryPoint","urlTemplate":"https:\/\/www.delagemusic.fr\/instrument\/?s={search_term_string}"},"query-input":{"@type":"PropertyValueSpecification","valueRequired":true,"valueName":"search_term_string"}}],"inLanguage":"fr-FR"},{"@type":"Organization","@id":"https:\/\/www.delagemusic.fr\/instrument\/#organization","name":"Delage Music","alternateName":"Delage Music","url":"https:\/\/www.delagemusic.fr\/instrument\/","logo":{"@type":"ImageObject","inLanguage":"fr-FR","@id":"https:\/\/www.delagemusic.fr\/instrument\/#\/schema\/logo\/image\/","url":"https:\/\/www.delagemusic.fr\/instrument\/wp-content\/uploads\/2025\/01\/delage_music_noir_logo_svg.svg","contentUrl":"https:\/\/www.delagemusic.fr\/instrument\/wp-content\/uploads\/2025\/01\/delage_music_noir_logo_svg.svg","width":196,"height":133,"caption":"Delage Music"},"image":{"@id":"https:\/\/www.delagemusic.fr\/instrument\/#\/schema\/logo\/image\/"}}]}},"_links":{"self":[{"href":"https:\/\/www.delagemusic.fr\/instrument\/wp-json\/wp\/v2\/pages\/3","targetHints":{"allow":["GET"]}}],"collection":[{"href":"https:\/\/www.delagemusic.fr\/instrument\/wp-json\/wp\/v2\/pages"}],"about":[{"href":"https:\/\/www.delagemusic.fr\/instrument\/wp-json\/wp\/v2\/types\/page"}],"author":[{"embeddable":true,"href":"https:\/\/www.delagemusic.fr\/instrument\/wp-json\/wp\/v2\/users\/1"}],"replies":[{"embeddable":true,"href":"https:\/\/www.delagemusic.fr\/instrument\/wp-json\/wp\/v2\/comments?post=3"}],"version-history":[{"count":4,"href":"https:\/\/www.delagemusic.fr\/instrument\/wp-json\/wp\/v2\/pages\/3\/revisions"}],"predecessor-version":[{"id":10079,"href":"https:\/\/www.delagemusic.fr\/instrument\/wp-json\/wp\/v2\/pages\/3\/revisions\/10079"}],"wp:attachment":[{"href":"https:\/\/www.delagemusic.fr\/instrument\/wp-json\/wp\/v2\/media?parent=3"}],"curies":[{"name":"wp","href":"https:\/\/api.w.org\/{rel}","templated":true}]}}