{"id":10057,"date":"2025-01-13T16:23:12","date_gmt":"2025-01-13T15:23:12","guid":{"rendered":"https:\/\/www.delagemusic.fr\/instrument\/?post_type=product&#038;p=10057"},"modified":"2025-06-23T11:24:07","modified_gmt":"2025-06-23T09:24:07","slug":"saxophone-alto-selmer-supreme","status":"publish","type":"product","link":"https:\/\/www.delagemusic.fr\/instrument\/produit\/saxophone-alto-selmer-supreme\/","title":{"rendered":"Saxophone alto Selmer Supr\u00eame"},"content":{"rendered":"<p>Apr\u00e8s 100 ans d\u2019innovation, de conception et de fabrication du saxophone, Henri SELMER Paris red\u00e9finit, avec le Supreme, l\u2019identit\u00e9 moderne du saxophone alto.<br \/>\nLe Supreme porte en lui les qualit\u00e9s communes aux mod\u00e8les qui l\u2019ont pr\u00e9c\u00e9d\u00e9 : beaut\u00e9 et soin de r\u00e9alisation du Balanced Action, souplesse l\u00e9gendaire du Mark VI, facilit\u00e9 du Super Action 80 Se\u0301rie II, pr\u00e9cision et \u00e9l\u00e9gance du Serie III, puissance et rondeur du Reference.<br \/>\nIl se caract\u00e9rise par une justesse parfaitement \u00e9quilibr\u00e9e, des couleurs sonores infinies, et par une grande pr\u00e9cision d\u2019\u00e9mission. Il masque les contraintes naturelles et inh\u00e9rentes au saxophone, les limites de jeu sont repouss\u00e9es. Sa rondeur et sa capacit\u00e9 de projection en font un instrument a\u0300 la fois traditionnel et r\u00e9solument moderne. Le raffinement et le soin apport\u00e9s \u00e0 sa fabrication, ainsi qu\u2019une ergonomie enti\u00e8rement corrig\u00e9e, r\u00e9v\u00e8lent un plaisir et une \u00e9vidence de jeu in\u00e9dits.<\/p>\n","protected":false},"excerpt":{"rendered":"<p>Les instruments de la c\u00e9l\u00e8bre marque Henri SELMER Paris sont con\u00e7us en France depuis plus d\u2019un si\u00e8cle dans leus ateliers de Mantes-la-Ville. Ainsi, ils portent en eux l\u2019exigence des musiciens qui les con\u00e7oivent et des artisans passionn\u00e9s qui les fabriquent.<\/p>\n","protected":false},"featured_media":10069,"template":"","meta":[],"product_brand":[],"product_cat":[70,102],"product_tag":[121],"class_list":{"0":"post-10057","1":"product","2":"type-product","3":"status-publish","4":"has-post-thumbnail","6":"product_cat-instruments","7":"product_cat-instruments-professionnel","8":"product_tag-en-avant","10":"first","11":"onbackorder","12":"taxable","13":"shipping-taxable","14":"purchasable","15":"product-type-simple"},"yoast_head":"<title>Saxophone alto Selmer Supr\u00eame - Delage Music<\/title>\n<meta name=\"robots\" content=\"index, follow, max-snippet:-1, max-image-preview:large, max-video-preview:-1\" \/>\n<link rel=\"canonical\" href=\"https:\/\/www.delagemusic.fr\/instrument\/produit\/saxophone-alto-selmer-supreme\/\" \/>\n<meta property=\"og:locale\" content=\"fr_FR\" \/>\n<meta property=\"og:type\" content=\"article\" \/>\n<meta property=\"og:title\" content=\"Saxophone alto Selmer Supr\u00eame - Delage Music\" \/>\n<meta property=\"og:description\" content=\"Les instruments de la c\u00e9l\u00e8bre marque Henri SELMER Paris sont con\u00e7us en France depuis plus d\u2019un si\u00e8cle dans leus ateliers de Mantes-la-Ville. Ainsi, ils portent en eux l\u2019exigence des musiciens qui les con\u00e7oivent et des artisans passionn\u00e9s qui les fabriquent.\" \/>\n<meta property=\"og:url\" content=\"https:\/\/www.delagemusic.fr\/instrument\/produit\/saxophone-alto-selmer-supreme\/\" \/>\n<meta property=\"og:site_name\" content=\"Delage Music\" \/>\n<meta property=\"article:modified_time\" content=\"2025-06-23T09:24:07+00:00\" \/>\n<meta property=\"og:image\" content=\"https:\/\/www.delagemusic.fr\/instrument\/wp-content\/uploads\/2025\/01\/Saxophone-alto-Selmer-Supreme.jpg\" \/>\n\t<meta property=\"og:image:width\" content=\"600\" \/>\n\t<meta property=\"og:image:height\" content=\"600\" \/>\n\t<meta property=\"og:image:type\" content=\"image\/jpeg\" \/>\n<script type=\"application\/ld+json\" class=\"yoast-schema-graph\">{\"@context\":\"https:\\\/\\\/schema.org\",\"@graph\":[{\"@type\":\"WebPage\",\"@id\":\"https:\\\/\\\/www.delagemusic.fr\\\/instrument\\\/produit\\\/saxophone-alto-selmer-supreme\\\/\",\"url\":\"https:\\\/\\\/www.delagemusic.fr\\\/instrument\\\/produit\\\/saxophone-alto-selmer-supreme\\\/\",\"name\":\"Saxophone alto Selmer Supr\u00eame - Delage Music\",\"isPartOf\":{\"@id\":\"https:\\\/\\\/www.delagemusic.fr\\\/instrument\\\/#website\"},\"primaryImageOfPage\":{\"@id\":\"https:\\\/\\\/www.delagemusic.fr\\\/instrument\\\/produit\\\/saxophone-alto-selmer-supreme\\\/#primaryimage\"},\"image\":{\"@id\":\"https:\\\/\\\/www.delagemusic.fr\\\/instrument\\\/produit\\\/saxophone-alto-selmer-supreme\\\/#primaryimage\"},\"thumbnailUrl\":\"https:\\\/\\\/www.delagemusic.fr\\\/instrument\\\/wp-content\\\/uploads\\\/2025\\\/01\\\/Saxophone-alto-Selmer-Supreme.jpg\",\"datePublished\":\"2025-01-13T15:23:12+00:00\",\"dateModified\":\"2025-06-23T09:24:07+00:00\",\"breadcrumb\":{\"@id\":\"https:\\\/\\\/www.delagemusic.fr\\\/instrument\\\/produit\\\/saxophone-alto-selmer-supreme\\\/#breadcrumb\"},\"inLanguage\":\"fr-FR\",\"potentialAction\":[{\"@type\":\"ReadAction\",\"target\":[\"https:\\\/\\\/www.delagemusic.fr\\\/instrument\\\/produit\\\/saxophone-alto-selmer-supreme\\\/\"]}]},{\"@type\":\"ImageObject\",\"inLanguage\":\"fr-FR\",\"@id\":\"https:\\\/\\\/www.delagemusic.fr\\\/instrument\\\/produit\\\/saxophone-alto-selmer-supreme\\\/#primaryimage\",\"url\":\"https:\\\/\\\/www.delagemusic.fr\\\/instrument\\\/wp-content\\\/uploads\\\/2025\\\/01\\\/Saxophone-alto-Selmer-Supreme.jpg\",\"contentUrl\":\"https:\\\/\\\/www.delagemusic.fr\\\/instrument\\\/wp-content\\\/uploads\\\/2025\\\/01\\\/Saxophone-alto-Selmer-Supreme.jpg\",\"width\":600,\"height\":600,\"caption\":\"Delage Music saxophone alto selmer supreme\"},{\"@type\":\"BreadcrumbList\",\"@id\":\"https:\\\/\\\/www.delagemusic.fr\\\/instrument\\\/produit\\\/saxophone-alto-selmer-supreme\\\/#breadcrumb\",\"itemListElement\":[{\"@type\":\"ListItem\",\"position\":1,\"name\":\"Accueil\",\"item\":\"https:\\\/\\\/www.delagemusic.fr\\\/instrument\\\/\"},{\"@type\":\"ListItem\",\"position\":2,\"name\":\"Boutique\",\"item\":\"https:\\\/\\\/www.delagemusic.fr\\\/instrument\\\/shop\\\/\"},{\"@type\":\"ListItem\",\"position\":3,\"name\":\"Saxophone alto Selmer Supr\u00eame\"}]},{\"@type\":\"WebSite\",\"@id\":\"https:\\\/\\\/www.delagemusic.fr\\\/instrument\\\/#website\",\"url\":\"https:\\\/\\\/www.delagemusic.fr\\\/instrument\\\/\",\"name\":\"Delage Music\",\"description\":\"Instruments, musique et partitions\",\"publisher\":{\"@id\":\"https:\\\/\\\/www.delagemusic.fr\\\/instrument\\\/#organization\"},\"alternateName\":\"Delage Music\",\"potentialAction\":[{\"@type\":\"SearchAction\",\"target\":{\"@type\":\"EntryPoint\",\"urlTemplate\":\"https:\\\/\\\/www.delagemusic.fr\\\/instrument\\\/?s={search_term_string}\"},\"query-input\":{\"@type\":\"PropertyValueSpecification\",\"valueRequired\":true,\"valueName\":\"search_term_string\"}}],\"inLanguage\":\"fr-FR\"},{\"@type\":\"Organization\",\"@id\":\"https:\\\/\\\/www.delagemusic.fr\\\/instrument\\\/#organization\",\"name\":\"Delage Music\",\"alternateName\":\"Delage Music\",\"url\":\"https:\\\/\\\/www.delagemusic.fr\\\/instrument\\\/\",\"logo\":{\"@type\":\"ImageObject\",\"inLanguage\":\"fr-FR\",\"@id\":\"https:\\\/\\\/www.delagemusic.fr\\\/instrument\\\/#\\\/schema\\\/logo\\\/image\\\/\",\"url\":\"https:\\\/\\\/www.delagemusic.fr\\\/instrument\\\/wp-content\\\/uploads\\\/2025\\\/01\\\/delage_music_noir_logo_svg.svg\",\"contentUrl\":\"https:\\\/\\\/www.delagemusic.fr\\\/instrument\\\/wp-content\\\/uploads\\\/2025\\\/01\\\/delage_music_noir_logo_svg.svg\",\"width\":196,\"height\":133,\"caption\":\"Delage Music\"},\"image\":{\"@id\":\"https:\\\/\\\/www.delagemusic.fr\\\/instrument\\\/#\\\/schema\\\/logo\\\/image\\\/\"}}]}<\/script>","yoast_head_json":{"title":"Saxophone alto Selmer Supr\u00eame - Delage Music","robots":{"index":"index","follow":"follow","max-snippet":"max-snippet:-1","max-image-preview":"max-image-preview:large","max-video-preview":"max-video-preview:-1"},"canonical":"https:\/\/www.delagemusic.fr\/instrument\/produit\/saxophone-alto-selmer-supreme\/","og_locale":"fr_FR","og_type":"article","og_title":"Saxophone alto Selmer Supr\u00eame - Delage Music","og_description":"Les instruments de la c\u00e9l\u00e8bre marque Henri SELMER Paris sont con\u00e7us en France depuis plus d\u2019un si\u00e8cle dans leus ateliers de Mantes-la-Ville. Ainsi, ils portent en eux l\u2019exigence des musiciens qui les con\u00e7oivent et des artisans passionn\u00e9s qui les fabriquent.","og_url":"https:\/\/www.delagemusic.fr\/instrument\/produit\/saxophone-alto-selmer-supreme\/","og_site_name":"Delage Music","article_modified_time":"2025-06-23T09:24:07+00:00","og_image":[{"width":600,"height":600,"url":"https:\/\/www.delagemusic.fr\/instrument\/wp-content\/uploads\/2025\/01\/Saxophone-alto-Selmer-Supreme.jpg","type":"image\/jpeg"}],"schema":{"@context":"https:\/\/schema.org","@graph":[{"@type":"WebPage","@id":"https:\/\/www.delagemusic.fr\/instrument\/produit\/saxophone-alto-selmer-supreme\/","url":"https:\/\/www.delagemusic.fr\/instrument\/produit\/saxophone-alto-selmer-supreme\/","name":"Saxophone alto Selmer Supr\u00eame - Delage Music","isPartOf":{"@id":"https:\/\/www.delagemusic.fr\/instrument\/#website"},"primaryImageOfPage":{"@id":"https:\/\/www.delagemusic.fr\/instrument\/produit\/saxophone-alto-selmer-supreme\/#primaryimage"},"image":{"@id":"https:\/\/www.delagemusic.fr\/instrument\/produit\/saxophone-alto-selmer-supreme\/#primaryimage"},"thumbnailUrl":"https:\/\/www.delagemusic.fr\/instrument\/wp-content\/uploads\/2025\/01\/Saxophone-alto-Selmer-Supreme.jpg","datePublished":"2025-01-13T15:23:12+00:00","dateModified":"2025-06-23T09:24:07+00:00","breadcrumb":{"@id":"https:\/\/www.delagemusic.fr\/instrument\/produit\/saxophone-alto-selmer-supreme\/#breadcrumb"},"inLanguage":"fr-FR","potentialAction":[{"@type":"ReadAction","target":["https:\/\/www.delagemusic.fr\/instrument\/produit\/saxophone-alto-selmer-supreme\/"]}]},{"@type":"ImageObject","inLanguage":"fr-FR","@id":"https:\/\/www.delagemusic.fr\/instrument\/produit\/saxophone-alto-selmer-supreme\/#primaryimage","url":"https:\/\/www.delagemusic.fr\/instrument\/wp-content\/uploads\/2025\/01\/Saxophone-alto-Selmer-Supreme.jpg","contentUrl":"https:\/\/www.delagemusic.fr\/instrument\/wp-content\/uploads\/2025\/01\/Saxophone-alto-Selmer-Supreme.jpg","width":600,"height":600,"caption":"Delage Music saxophone alto selmer supreme"},{"@type":"BreadcrumbList","@id":"https:\/\/www.delagemusic.fr\/instrument\/produit\/saxophone-alto-selmer-supreme\/#breadcrumb","itemListElement":[{"@type":"ListItem","position":1,"name":"Accueil","item":"https:\/\/www.delagemusic.fr\/instrument\/"},{"@type":"ListItem","position":2,"name":"Boutique","item":"https:\/\/www.delagemusic.fr\/instrument\/shop\/"},{"@type":"ListItem","position":3,"name":"Saxophone alto Selmer Supr\u00eame"}]},{"@type":"WebSite","@id":"https:\/\/www.delagemusic.fr\/instrument\/#website","url":"https:\/\/www.delagemusic.fr\/instrument\/","name":"Delage Music","description":"Instruments, musique et partitions","publisher":{"@id":"https:\/\/www.delagemusic.fr\/instrument\/#organization"},"alternateName":"Delage Music","potentialAction":[{"@type":"SearchAction","target":{"@type":"EntryPoint","urlTemplate":"https:\/\/www.delagemusic.fr\/instrument\/?s={search_term_string}"},"query-input":{"@type":"PropertyValueSpecification","valueRequired":true,"valueName":"search_term_string"}}],"inLanguage":"fr-FR"},{"@type":"Organization","@id":"https:\/\/www.delagemusic.fr\/instrument\/#organization","name":"Delage Music","alternateName":"Delage Music","url":"https:\/\/www.delagemusic.fr\/instrument\/","logo":{"@type":"ImageObject","inLanguage":"fr-FR","@id":"https:\/\/www.delagemusic.fr\/instrument\/#\/schema\/logo\/image\/","url":"https:\/\/www.delagemusic.fr\/instrument\/wp-content\/uploads\/2025\/01\/delage_music_noir_logo_svg.svg","contentUrl":"https:\/\/www.delagemusic.fr\/instrument\/wp-content\/uploads\/2025\/01\/delage_music_noir_logo_svg.svg","width":196,"height":133,"caption":"Delage Music"},"image":{"@id":"https:\/\/www.delagemusic.fr\/instrument\/#\/schema\/logo\/image\/"}}]}},"_links":{"self":[{"href":"https:\/\/www.delagemusic.fr\/instrument\/wp-json\/wp\/v2\/product\/10057","targetHints":{"allow":["GET"]}}],"collection":[{"href":"https:\/\/www.delagemusic.fr\/instrument\/wp-json\/wp\/v2\/product"}],"about":[{"href":"https:\/\/www.delagemusic.fr\/instrument\/wp-json\/wp\/v2\/types\/product"}],"wp:featuredmedia":[{"embeddable":true,"href":"https:\/\/www.delagemusic.fr\/instrument\/wp-json\/wp\/v2\/media\/10069"}],"wp:attachment":[{"href":"https:\/\/www.delagemusic.fr\/instrument\/wp-json\/wp\/v2\/media?parent=10057"}],"wp:term":[{"taxonomy":"product_brand","embeddable":true,"href":"https:\/\/www.delagemusic.fr\/instrument\/wp-json\/wp\/v2\/product_brand?post=10057"},{"taxonomy":"product_cat","embeddable":true,"href":"https:\/\/www.delagemusic.fr\/instrument\/wp-json\/wp\/v2\/product_cat?post=10057"},{"taxonomy":"product_tag","embeddable":true,"href":"https:\/\/www.delagemusic.fr\/instrument\/wp-json\/wp\/v2\/product_tag?post=10057"}],"curies":[{"name":"wp","href":"https:\/\/api.w.org\/{rel}","templated":true}]}}