{"id":10062,"date":"2025-01-13T16:33:46","date_gmt":"2025-01-13T15:33:46","guid":{"rendered":"https:\/\/www.delagemusic.fr\/instrument\/?post_type=product&#038;p=10062"},"modified":"2025-06-20T16:47:25","modified_gmt":"2025-06-20T14:47:25","slug":"boite-bam-cabine-pour-saxophone-alto","status":"publish","type":"product","link":"https:\/\/www.delagemusic.fr\/instrument\/produit\/boite-bam-cabine-pour-saxophone-alto\/","title":{"rendered":"Boite Bam Cabine pour saxophone Alto"},"content":{"rendered":"<p>La coque renforc\u00e9e en ABS grain\u00e9 antichoc garantit une protection robuste et durable. Pour un transport ais\u00e9 et s\u00e9curis\u00e9, l\u2019\u00e9tui est \u00e9quip\u00e9 de deux sangles confortables antid\u00e9rapantes en n\u00e9opr\u00e8ne avec mousquetons s\u00e9curis\u00e9s ainsi qu&rsquo;une poign\u00e9e lat\u00e9rale pratique. Un joint assure une parfaite herm\u00e9ticit\u00e9, tandis que trois serrures BAM \u00e0 cl\u00e9s offrent une s\u00e9curit\u00e9 optimale pour votre instrument.<\/p>\n<h3>La gamme Cabine<\/h3>\n<p>BAM a souhait\u00e9 une gamme design et compact : la gamme Cabine !<\/p>\n<h3>Caract\u00e9ristiques techniques :<\/h3>\n<p><em>Caract\u00e9ristiques int\u00e9rieures :\u00a0<\/em><\/p>\n<ul>\n<li>Moul\u00e9 sur un saxophone Selmer M6<\/li>\n<li>Calage int\u00e9rieur en mousse de polyur\u00e9thane haute densit\u00e9 inject\u00e9e prot\u00e9geant l&rsquo;instrument des chocs thermiques<\/li>\n<li>Dimensions : longueur 58 cm \/ pavillon 12 cm<\/li>\n<\/ul>\n<p><em>Caract\u00e9ristiques ext\u00e9rieures :\u00a0<\/em><\/p>\n<ul>\n<li>Coque renforc\u00e9e en ABS grain\u00e9 antichoc<\/li>\n<li>2 sangles confortables antid\u00e9rapantes en n\u00e9opr\u00e8ne avec mousquetons s\u00e9curis\u00e9s<\/li>\n<li>Poign\u00e9e lat\u00e9rale<\/li>\n<li>Joint m\u00e2le\/femelle pour l\u2019herm\u00e9ticit\u00e9<\/li>\n<li>3 serrures softouch \u00e0 cl\u00e9s<\/li>\n<li>\n<div>Poids : 2,4 kg<\/div>\n<\/li>\n<li>Dimensions : 63x25x15 cm<\/li>\n<li>Coloris : noir<\/li>\n<\/ul>\n","protected":false},"excerpt":{"rendered":"<p><em>Un \u00e9tui compact, design et l\u00e9ger pour prot\u00e9ger au mieux votre instrument !<\/em><\/p>\n<p>Le calage int\u00e9rieur en mousse de polyur\u00e9thane haute densit\u00e9 inject\u00e9e assure une protection efficace de l&rsquo;instrument contre les chocs thermiques. Pour un confort d&rsquo;utilisation optimal, une housse pour bec ainsi qu&rsquo;une pochette pour bocal sont \u00e9galement incluses.<\/p>\n","protected":false},"featured_media":10066,"template":"","meta":[],"product_brand":[],"product_cat":[74,99],"product_tag":[121],"class_list":{"0":"post-10062","1":"product","2":"type-product","3":"status-publish","4":"has-post-thumbnail","6":"product_cat-accessoires","7":"product_cat-etuis","8":"product_tag-en-avant","10":"first","11":"instock","12":"taxable","13":"shipping-taxable","14":"purchasable","15":"product-type-simple"},"yoast_head":"<title>Boite Bam Cabine pour saxophone Alto - Delage Music<\/title>\n<meta name=\"robots\" content=\"index, follow, max-snippet:-1, max-image-preview:large, max-video-preview:-1\" \/>\n<link rel=\"canonical\" href=\"https:\/\/www.delagemusic.fr\/instrument\/produit\/boite-bam-cabine-pour-saxophone-alto\/\" \/>\n<meta property=\"og:locale\" content=\"fr_FR\" \/>\n<meta property=\"og:type\" content=\"article\" \/>\n<meta property=\"og:title\" content=\"Boite Bam Cabine pour saxophone Alto - Delage Music\" \/>\n<meta property=\"og:description\" content=\"Un \u00e9tui compact, design et l\u00e9ger pour prot\u00e9ger au mieux votre instrument !  Le calage int\u00e9rieur en mousse de polyur\u00e9thane haute densit\u00e9 inject\u00e9e assure une protection efficace de l&#039;instrument contre les chocs thermiques. Pour un confort d&#039;utilisation optimal, une housse pour bec ainsi qu&#039;une pochette pour bocal sont \u00e9galement incluses.\" \/>\n<meta property=\"og:url\" content=\"https:\/\/www.delagemusic.fr\/instrument\/produit\/boite-bam-cabine-pour-saxophone-alto\/\" \/>\n<meta property=\"og:site_name\" content=\"Delage Music\" \/>\n<meta property=\"article:modified_time\" content=\"2025-06-20T14:47:25+00:00\" \/>\n<meta property=\"og:image\" content=\"https:\/\/www.delagemusic.fr\/instrument\/wp-content\/uploads\/2025\/01\/Boite-Bam-Cabine-pour-saxophone-Alto.jpg\" \/>\n\t<meta property=\"og:image:width\" content=\"600\" \/>\n\t<meta property=\"og:image:height\" content=\"600\" \/>\n\t<meta property=\"og:image:type\" content=\"image\/jpeg\" \/>\n<script type=\"application\/ld+json\" class=\"yoast-schema-graph\">{\"@context\":\"https:\\\/\\\/schema.org\",\"@graph\":[{\"@type\":\"WebPage\",\"@id\":\"https:\\\/\\\/www.delagemusic.fr\\\/instrument\\\/produit\\\/boite-bam-cabine-pour-saxophone-alto\\\/\",\"url\":\"https:\\\/\\\/www.delagemusic.fr\\\/instrument\\\/produit\\\/boite-bam-cabine-pour-saxophone-alto\\\/\",\"name\":\"Boite Bam Cabine pour saxophone Alto - Delage Music\",\"isPartOf\":{\"@id\":\"https:\\\/\\\/www.delagemusic.fr\\\/instrument\\\/#website\"},\"primaryImageOfPage\":{\"@id\":\"https:\\\/\\\/www.delagemusic.fr\\\/instrument\\\/produit\\\/boite-bam-cabine-pour-saxophone-alto\\\/#primaryimage\"},\"image\":{\"@id\":\"https:\\\/\\\/www.delagemusic.fr\\\/instrument\\\/produit\\\/boite-bam-cabine-pour-saxophone-alto\\\/#primaryimage\"},\"thumbnailUrl\":\"https:\\\/\\\/www.delagemusic.fr\\\/instrument\\\/wp-content\\\/uploads\\\/2025\\\/01\\\/Boite-Bam-Cabine-pour-saxophone-Alto.jpg\",\"datePublished\":\"2025-01-13T15:33:46+00:00\",\"dateModified\":\"2025-06-20T14:47:25+00:00\",\"breadcrumb\":{\"@id\":\"https:\\\/\\\/www.delagemusic.fr\\\/instrument\\\/produit\\\/boite-bam-cabine-pour-saxophone-alto\\\/#breadcrumb\"},\"inLanguage\":\"fr-FR\",\"potentialAction\":[{\"@type\":\"ReadAction\",\"target\":[\"https:\\\/\\\/www.delagemusic.fr\\\/instrument\\\/produit\\\/boite-bam-cabine-pour-saxophone-alto\\\/\"]}]},{\"@type\":\"ImageObject\",\"inLanguage\":\"fr-FR\",\"@id\":\"https:\\\/\\\/www.delagemusic.fr\\\/instrument\\\/produit\\\/boite-bam-cabine-pour-saxophone-alto\\\/#primaryimage\",\"url\":\"https:\\\/\\\/www.delagemusic.fr\\\/instrument\\\/wp-content\\\/uploads\\\/2025\\\/01\\\/Boite-Bam-Cabine-pour-saxophone-Alto.jpg\",\"contentUrl\":\"https:\\\/\\\/www.delagemusic.fr\\\/instrument\\\/wp-content\\\/uploads\\\/2025\\\/01\\\/Boite-Bam-Cabine-pour-saxophone-Alto.jpg\",\"width\":600,\"height\":600,\"caption\":\"Delage Music boite bam cabine pour saxophone alto\"},{\"@type\":\"BreadcrumbList\",\"@id\":\"https:\\\/\\\/www.delagemusic.fr\\\/instrument\\\/produit\\\/boite-bam-cabine-pour-saxophone-alto\\\/#breadcrumb\",\"itemListElement\":[{\"@type\":\"ListItem\",\"position\":1,\"name\":\"Accueil\",\"item\":\"https:\\\/\\\/www.delagemusic.fr\\\/instrument\\\/\"},{\"@type\":\"ListItem\",\"position\":2,\"name\":\"Boutique\",\"item\":\"https:\\\/\\\/www.delagemusic.fr\\\/instrument\\\/shop\\\/\"},{\"@type\":\"ListItem\",\"position\":3,\"name\":\"Boite Bam Cabine pour saxophone Alto\"}]},{\"@type\":\"WebSite\",\"@id\":\"https:\\\/\\\/www.delagemusic.fr\\\/instrument\\\/#website\",\"url\":\"https:\\\/\\\/www.delagemusic.fr\\\/instrument\\\/\",\"name\":\"Delage Music\",\"description\":\"Instruments, musique et partitions\",\"publisher\":{\"@id\":\"https:\\\/\\\/www.delagemusic.fr\\\/instrument\\\/#organization\"},\"alternateName\":\"Delage Music\",\"potentialAction\":[{\"@type\":\"SearchAction\",\"target\":{\"@type\":\"EntryPoint\",\"urlTemplate\":\"https:\\\/\\\/www.delagemusic.fr\\\/instrument\\\/?s={search_term_string}\"},\"query-input\":{\"@type\":\"PropertyValueSpecification\",\"valueRequired\":true,\"valueName\":\"search_term_string\"}}],\"inLanguage\":\"fr-FR\"},{\"@type\":\"Organization\",\"@id\":\"https:\\\/\\\/www.delagemusic.fr\\\/instrument\\\/#organization\",\"name\":\"Delage Music\",\"alternateName\":\"Delage Music\",\"url\":\"https:\\\/\\\/www.delagemusic.fr\\\/instrument\\\/\",\"logo\":{\"@type\":\"ImageObject\",\"inLanguage\":\"fr-FR\",\"@id\":\"https:\\\/\\\/www.delagemusic.fr\\\/instrument\\\/#\\\/schema\\\/logo\\\/image\\\/\",\"url\":\"https:\\\/\\\/www.delagemusic.fr\\\/instrument\\\/wp-content\\\/uploads\\\/2025\\\/01\\\/delage_music_noir_logo_svg.svg\",\"contentUrl\":\"https:\\\/\\\/www.delagemusic.fr\\\/instrument\\\/wp-content\\\/uploads\\\/2025\\\/01\\\/delage_music_noir_logo_svg.svg\",\"width\":196,\"height\":133,\"caption\":\"Delage Music\"},\"image\":{\"@id\":\"https:\\\/\\\/www.delagemusic.fr\\\/instrument\\\/#\\\/schema\\\/logo\\\/image\\\/\"}}]}<\/script>","yoast_head_json":{"title":"Boite Bam Cabine pour saxophone Alto - Delage Music","robots":{"index":"index","follow":"follow","max-snippet":"max-snippet:-1","max-image-preview":"max-image-preview:large","max-video-preview":"max-video-preview:-1"},"canonical":"https:\/\/www.delagemusic.fr\/instrument\/produit\/boite-bam-cabine-pour-saxophone-alto\/","og_locale":"fr_FR","og_type":"article","og_title":"Boite Bam Cabine pour saxophone Alto - Delage Music","og_description":"Un \u00e9tui compact, design et l\u00e9ger pour prot\u00e9ger au mieux votre instrument !  Le calage int\u00e9rieur en mousse de polyur\u00e9thane haute densit\u00e9 inject\u00e9e assure une protection efficace de l'instrument contre les chocs thermiques. Pour un confort d'utilisation optimal, une housse pour bec ainsi qu'une pochette pour bocal sont \u00e9galement incluses.","og_url":"https:\/\/www.delagemusic.fr\/instrument\/produit\/boite-bam-cabine-pour-saxophone-alto\/","og_site_name":"Delage Music","article_modified_time":"2025-06-20T14:47:25+00:00","og_image":[{"width":600,"height":600,"url":"https:\/\/www.delagemusic.fr\/instrument\/wp-content\/uploads\/2025\/01\/Boite-Bam-Cabine-pour-saxophone-Alto.jpg","type":"image\/jpeg"}],"schema":{"@context":"https:\/\/schema.org","@graph":[{"@type":"WebPage","@id":"https:\/\/www.delagemusic.fr\/instrument\/produit\/boite-bam-cabine-pour-saxophone-alto\/","url":"https:\/\/www.delagemusic.fr\/instrument\/produit\/boite-bam-cabine-pour-saxophone-alto\/","name":"Boite Bam Cabine pour saxophone Alto - Delage Music","isPartOf":{"@id":"https:\/\/www.delagemusic.fr\/instrument\/#website"},"primaryImageOfPage":{"@id":"https:\/\/www.delagemusic.fr\/instrument\/produit\/boite-bam-cabine-pour-saxophone-alto\/#primaryimage"},"image":{"@id":"https:\/\/www.delagemusic.fr\/instrument\/produit\/boite-bam-cabine-pour-saxophone-alto\/#primaryimage"},"thumbnailUrl":"https:\/\/www.delagemusic.fr\/instrument\/wp-content\/uploads\/2025\/01\/Boite-Bam-Cabine-pour-saxophone-Alto.jpg","datePublished":"2025-01-13T15:33:46+00:00","dateModified":"2025-06-20T14:47:25+00:00","breadcrumb":{"@id":"https:\/\/www.delagemusic.fr\/instrument\/produit\/boite-bam-cabine-pour-saxophone-alto\/#breadcrumb"},"inLanguage":"fr-FR","potentialAction":[{"@type":"ReadAction","target":["https:\/\/www.delagemusic.fr\/instrument\/produit\/boite-bam-cabine-pour-saxophone-alto\/"]}]},{"@type":"ImageObject","inLanguage":"fr-FR","@id":"https:\/\/www.delagemusic.fr\/instrument\/produit\/boite-bam-cabine-pour-saxophone-alto\/#primaryimage","url":"https:\/\/www.delagemusic.fr\/instrument\/wp-content\/uploads\/2025\/01\/Boite-Bam-Cabine-pour-saxophone-Alto.jpg","contentUrl":"https:\/\/www.delagemusic.fr\/instrument\/wp-content\/uploads\/2025\/01\/Boite-Bam-Cabine-pour-saxophone-Alto.jpg","width":600,"height":600,"caption":"Delage Music boite bam cabine pour saxophone alto"},{"@type":"BreadcrumbList","@id":"https:\/\/www.delagemusic.fr\/instrument\/produit\/boite-bam-cabine-pour-saxophone-alto\/#breadcrumb","itemListElement":[{"@type":"ListItem","position":1,"name":"Accueil","item":"https:\/\/www.delagemusic.fr\/instrument\/"},{"@type":"ListItem","position":2,"name":"Boutique","item":"https:\/\/www.delagemusic.fr\/instrument\/shop\/"},{"@type":"ListItem","position":3,"name":"Boite Bam Cabine pour saxophone Alto"}]},{"@type":"WebSite","@id":"https:\/\/www.delagemusic.fr\/instrument\/#website","url":"https:\/\/www.delagemusic.fr\/instrument\/","name":"Delage Music","description":"Instruments, musique et partitions","publisher":{"@id":"https:\/\/www.delagemusic.fr\/instrument\/#organization"},"alternateName":"Delage Music","potentialAction":[{"@type":"SearchAction","target":{"@type":"EntryPoint","urlTemplate":"https:\/\/www.delagemusic.fr\/instrument\/?s={search_term_string}"},"query-input":{"@type":"PropertyValueSpecification","valueRequired":true,"valueName":"search_term_string"}}],"inLanguage":"fr-FR"},{"@type":"Organization","@id":"https:\/\/www.delagemusic.fr\/instrument\/#organization","name":"Delage Music","alternateName":"Delage Music","url":"https:\/\/www.delagemusic.fr\/instrument\/","logo":{"@type":"ImageObject","inLanguage":"fr-FR","@id":"https:\/\/www.delagemusic.fr\/instrument\/#\/schema\/logo\/image\/","url":"https:\/\/www.delagemusic.fr\/instrument\/wp-content\/uploads\/2025\/01\/delage_music_noir_logo_svg.svg","contentUrl":"https:\/\/www.delagemusic.fr\/instrument\/wp-content\/uploads\/2025\/01\/delage_music_noir_logo_svg.svg","width":196,"height":133,"caption":"Delage Music"},"image":{"@id":"https:\/\/www.delagemusic.fr\/instrument\/#\/schema\/logo\/image\/"}}]}},"_links":{"self":[{"href":"https:\/\/www.delagemusic.fr\/instrument\/wp-json\/wp\/v2\/product\/10062","targetHints":{"allow":["GET"]}}],"collection":[{"href":"https:\/\/www.delagemusic.fr\/instrument\/wp-json\/wp\/v2\/product"}],"about":[{"href":"https:\/\/www.delagemusic.fr\/instrument\/wp-json\/wp\/v2\/types\/product"}],"wp:featuredmedia":[{"embeddable":true,"href":"https:\/\/www.delagemusic.fr\/instrument\/wp-json\/wp\/v2\/media\/10066"}],"wp:attachment":[{"href":"https:\/\/www.delagemusic.fr\/instrument\/wp-json\/wp\/v2\/media?parent=10062"}],"wp:term":[{"taxonomy":"product_brand","embeddable":true,"href":"https:\/\/www.delagemusic.fr\/instrument\/wp-json\/wp\/v2\/product_brand?post=10062"},{"taxonomy":"product_cat","embeddable":true,"href":"https:\/\/www.delagemusic.fr\/instrument\/wp-json\/wp\/v2\/product_cat?post=10062"},{"taxonomy":"product_tag","embeddable":true,"href":"https:\/\/www.delagemusic.fr\/instrument\/wp-json\/wp\/v2\/product_tag?post=10062"}],"curies":[{"name":"wp","href":"https:\/\/api.w.org\/{rel}","templated":true}]}}