{"id":10298,"date":"2025-04-11T16:57:04","date_gmt":"2025-04-11T14:57:04","guid":{"rendered":"https:\/\/www.delagemusic.fr\/instrument\/?post_type=product&#038;p=10298"},"modified":"2025-05-22T14:47:49","modified_gmt":"2025-05-22T12:47:49","slug":"boite-danches-vandoren-soprano-traditionnelles-25","status":"publish","type":"product","link":"https:\/\/www.delagemusic.fr\/instrument\/produit\/boite-danches-vandoren-soprano-traditionnelles-25\/","title":{"rendered":"Boite d&rsquo;anches l Vandoren Traditionnelles 2,5 l Saxophone Soprano"},"content":{"rendered":"<div class=\"elementor-element elementor-element-48b313f elementor-widget elementor-widget-heading\" data-id=\"48b313f\" data-element_type=\"widget\" data-widget_type=\"heading.default\">\n<div class=\"elementor-widget-container\">\n<h3 class=\"elementor-heading-title elementor-size-default\">La conception de ces anches permet d&rsquo;obtenir un son extr\u00eamement pur<\/h3>\n<\/div>\n<\/div>\n<div class=\"elementor-element elementor-element-01c2a1b elementor-widget elementor-widget-theme-post-content\" data-id=\"01c2a1b\" data-element_type=\"widget\" data-widget_type=\"theme-post-content.default\">\n<div class=\"elementor-widget-container\">\n<p>Gr\u00e2ce \u00e0 la combinaison de deux facteurs, les anches Traditionnelles pour Saxophone permettent d\u2019obtenir un son extr\u00eamement pur :<br \/>\n\u2022 Une extr\u00e9mit\u00e9 tr\u00e8s fine de l\u2019anche (o\u00f9 la zone de vibration est maximale).<br \/>\n\u2022 Une colonne vert\u00e9brale importante (plus de bois dans la zone menant graduellement au talon).<\/p>\n<\/div>\n<\/div>\n","protected":false},"excerpt":{"rendered":"<p>Boite de 10 anches Vandoren traditionnelles force 2.5<\/p>\n","protected":false},"featured_media":10345,"template":"","meta":[],"product_brand":[],"product_cat":[72,83],"product_tag":[],"class_list":{"0":"post-10298","1":"product","2":"type-product","3":"status-publish","4":"has-post-thumbnail","6":"product_cat-anches","7":"product_cat-anches-saxophone-soprano","9":"first","10":"instock","11":"taxable","12":"shipping-taxable","13":"purchasable","14":"product-type-simple"},"yoast_head":"<title>Boite d&#039;anches l Vandoren Traditionnelles 2,5 l Saxophone Soprano - Delage Music<\/title>\n<meta name=\"robots\" content=\"index, follow, max-snippet:-1, max-image-preview:large, max-video-preview:-1\" \/>\n<link rel=\"canonical\" href=\"https:\/\/www.delagemusic.fr\/instrument\/produit\/boite-danches-vandoren-soprano-traditionnelles-25\/\" \/>\n<meta property=\"og:locale\" content=\"fr_FR\" \/>\n<meta property=\"og:type\" content=\"article\" \/>\n<meta property=\"og:title\" content=\"Boite d&#039;anches l Vandoren Traditionnelles 2,5 l Saxophone Soprano - Delage Music\" \/>\n<meta property=\"og:description\" content=\"Boite de 10 anches Vandoren traditionnelles force 2.5\" \/>\n<meta property=\"og:url\" content=\"https:\/\/www.delagemusic.fr\/instrument\/produit\/boite-danches-vandoren-soprano-traditionnelles-25\/\" \/>\n<meta property=\"og:site_name\" content=\"Delage Music\" \/>\n<meta property=\"article:modified_time\" content=\"2025-05-22T12:47:49+00:00\" \/>\n<meta property=\"og:image\" content=\"https:\/\/www.delagemusic.fr\/instrument\/wp-content\/uploads\/2025\/04\/Soprano-Trad.png\" \/>\n\t<meta property=\"og:image:width\" content=\"600\" \/>\n\t<meta property=\"og:image:height\" content=\"600\" \/>\n\t<meta property=\"og:image:type\" content=\"image\/png\" \/>\n<script type=\"application\/ld+json\" class=\"yoast-schema-graph\">{\"@context\":\"https:\\\/\\\/schema.org\",\"@graph\":[{\"@type\":\"WebPage\",\"@id\":\"https:\\\/\\\/www.delagemusic.fr\\\/instrument\\\/produit\\\/boite-danches-vandoren-soprano-traditionnelles-25\\\/\",\"url\":\"https:\\\/\\\/www.delagemusic.fr\\\/instrument\\\/produit\\\/boite-danches-vandoren-soprano-traditionnelles-25\\\/\",\"name\":\"Boite d'anches l Vandoren Traditionnelles 2,5 l Saxophone Soprano - Delage Music\",\"isPartOf\":{\"@id\":\"https:\\\/\\\/www.delagemusic.fr\\\/instrument\\\/#website\"},\"primaryImageOfPage\":{\"@id\":\"https:\\\/\\\/www.delagemusic.fr\\\/instrument\\\/produit\\\/boite-danches-vandoren-soprano-traditionnelles-25\\\/#primaryimage\"},\"image\":{\"@id\":\"https:\\\/\\\/www.delagemusic.fr\\\/instrument\\\/produit\\\/boite-danches-vandoren-soprano-traditionnelles-25\\\/#primaryimage\"},\"thumbnailUrl\":\"https:\\\/\\\/www.delagemusic.fr\\\/instrument\\\/wp-content\\\/uploads\\\/2025\\\/04\\\/Soprano-Trad.png\",\"datePublished\":\"2025-04-11T14:57:04+00:00\",\"dateModified\":\"2025-05-22T12:47:49+00:00\",\"breadcrumb\":{\"@id\":\"https:\\\/\\\/www.delagemusic.fr\\\/instrument\\\/produit\\\/boite-danches-vandoren-soprano-traditionnelles-25\\\/#breadcrumb\"},\"inLanguage\":\"fr-FR\",\"potentialAction\":[{\"@type\":\"ReadAction\",\"target\":[\"https:\\\/\\\/www.delagemusic.fr\\\/instrument\\\/produit\\\/boite-danches-vandoren-soprano-traditionnelles-25\\\/\"]}]},{\"@type\":\"ImageObject\",\"inLanguage\":\"fr-FR\",\"@id\":\"https:\\\/\\\/www.delagemusic.fr\\\/instrument\\\/produit\\\/boite-danches-vandoren-soprano-traditionnelles-25\\\/#primaryimage\",\"url\":\"https:\\\/\\\/www.delagemusic.fr\\\/instrument\\\/wp-content\\\/uploads\\\/2025\\\/04\\\/Soprano-Trad.png\",\"contentUrl\":\"https:\\\/\\\/www.delagemusic.fr\\\/instrument\\\/wp-content\\\/uploads\\\/2025\\\/04\\\/Soprano-Trad.png\",\"width\":600,\"height\":600,\"caption\":\"Anches vandoren soprano trad\"},{\"@type\":\"BreadcrumbList\",\"@id\":\"https:\\\/\\\/www.delagemusic.fr\\\/instrument\\\/produit\\\/boite-danches-vandoren-soprano-traditionnelles-25\\\/#breadcrumb\",\"itemListElement\":[{\"@type\":\"ListItem\",\"position\":1,\"name\":\"Accueil\",\"item\":\"https:\\\/\\\/www.delagemusic.fr\\\/instrument\\\/\"},{\"@type\":\"ListItem\",\"position\":2,\"name\":\"Boutique\",\"item\":\"https:\\\/\\\/www.delagemusic.fr\\\/instrument\\\/shop\\\/\"},{\"@type\":\"ListItem\",\"position\":3,\"name\":\"Boite d&rsquo;anches l Vandoren Traditionnelles 2,5 l Saxophone Soprano\"}]},{\"@type\":\"WebSite\",\"@id\":\"https:\\\/\\\/www.delagemusic.fr\\\/instrument\\\/#website\",\"url\":\"https:\\\/\\\/www.delagemusic.fr\\\/instrument\\\/\",\"name\":\"Delage Music\",\"description\":\"Instruments, musique et partitions\",\"publisher\":{\"@id\":\"https:\\\/\\\/www.delagemusic.fr\\\/instrument\\\/#organization\"},\"alternateName\":\"Delage Music\",\"potentialAction\":[{\"@type\":\"SearchAction\",\"target\":{\"@type\":\"EntryPoint\",\"urlTemplate\":\"https:\\\/\\\/www.delagemusic.fr\\\/instrument\\\/?s={search_term_string}\"},\"query-input\":{\"@type\":\"PropertyValueSpecification\",\"valueRequired\":true,\"valueName\":\"search_term_string\"}}],\"inLanguage\":\"fr-FR\"},{\"@type\":\"Organization\",\"@id\":\"https:\\\/\\\/www.delagemusic.fr\\\/instrument\\\/#organization\",\"name\":\"Delage Music\",\"alternateName\":\"Delage Music\",\"url\":\"https:\\\/\\\/www.delagemusic.fr\\\/instrument\\\/\",\"logo\":{\"@type\":\"ImageObject\",\"inLanguage\":\"fr-FR\",\"@id\":\"https:\\\/\\\/www.delagemusic.fr\\\/instrument\\\/#\\\/schema\\\/logo\\\/image\\\/\",\"url\":\"https:\\\/\\\/www.delagemusic.fr\\\/instrument\\\/wp-content\\\/uploads\\\/2025\\\/01\\\/delage_music_noir_logo_svg.svg\",\"contentUrl\":\"https:\\\/\\\/www.delagemusic.fr\\\/instrument\\\/wp-content\\\/uploads\\\/2025\\\/01\\\/delage_music_noir_logo_svg.svg\",\"width\":196,\"height\":133,\"caption\":\"Delage Music\"},\"image\":{\"@id\":\"https:\\\/\\\/www.delagemusic.fr\\\/instrument\\\/#\\\/schema\\\/logo\\\/image\\\/\"}}]}<\/script>","yoast_head_json":{"title":"Boite d'anches l Vandoren Traditionnelles 2,5 l Saxophone Soprano - Delage Music","robots":{"index":"index","follow":"follow","max-snippet":"max-snippet:-1","max-image-preview":"max-image-preview:large","max-video-preview":"max-video-preview:-1"},"canonical":"https:\/\/www.delagemusic.fr\/instrument\/produit\/boite-danches-vandoren-soprano-traditionnelles-25\/","og_locale":"fr_FR","og_type":"article","og_title":"Boite d'anches l Vandoren Traditionnelles 2,5 l Saxophone Soprano - Delage Music","og_description":"Boite de 10 anches Vandoren traditionnelles force 2.5","og_url":"https:\/\/www.delagemusic.fr\/instrument\/produit\/boite-danches-vandoren-soprano-traditionnelles-25\/","og_site_name":"Delage Music","article_modified_time":"2025-05-22T12:47:49+00:00","og_image":[{"width":600,"height":600,"url":"https:\/\/www.delagemusic.fr\/instrument\/wp-content\/uploads\/2025\/04\/Soprano-Trad.png","type":"image\/png"}],"schema":{"@context":"https:\/\/schema.org","@graph":[{"@type":"WebPage","@id":"https:\/\/www.delagemusic.fr\/instrument\/produit\/boite-danches-vandoren-soprano-traditionnelles-25\/","url":"https:\/\/www.delagemusic.fr\/instrument\/produit\/boite-danches-vandoren-soprano-traditionnelles-25\/","name":"Boite d'anches l Vandoren Traditionnelles 2,5 l Saxophone Soprano - Delage Music","isPartOf":{"@id":"https:\/\/www.delagemusic.fr\/instrument\/#website"},"primaryImageOfPage":{"@id":"https:\/\/www.delagemusic.fr\/instrument\/produit\/boite-danches-vandoren-soprano-traditionnelles-25\/#primaryimage"},"image":{"@id":"https:\/\/www.delagemusic.fr\/instrument\/produit\/boite-danches-vandoren-soprano-traditionnelles-25\/#primaryimage"},"thumbnailUrl":"https:\/\/www.delagemusic.fr\/instrument\/wp-content\/uploads\/2025\/04\/Soprano-Trad.png","datePublished":"2025-04-11T14:57:04+00:00","dateModified":"2025-05-22T12:47:49+00:00","breadcrumb":{"@id":"https:\/\/www.delagemusic.fr\/instrument\/produit\/boite-danches-vandoren-soprano-traditionnelles-25\/#breadcrumb"},"inLanguage":"fr-FR","potentialAction":[{"@type":"ReadAction","target":["https:\/\/www.delagemusic.fr\/instrument\/produit\/boite-danches-vandoren-soprano-traditionnelles-25\/"]}]},{"@type":"ImageObject","inLanguage":"fr-FR","@id":"https:\/\/www.delagemusic.fr\/instrument\/produit\/boite-danches-vandoren-soprano-traditionnelles-25\/#primaryimage","url":"https:\/\/www.delagemusic.fr\/instrument\/wp-content\/uploads\/2025\/04\/Soprano-Trad.png","contentUrl":"https:\/\/www.delagemusic.fr\/instrument\/wp-content\/uploads\/2025\/04\/Soprano-Trad.png","width":600,"height":600,"caption":"Anches vandoren soprano trad"},{"@type":"BreadcrumbList","@id":"https:\/\/www.delagemusic.fr\/instrument\/produit\/boite-danches-vandoren-soprano-traditionnelles-25\/#breadcrumb","itemListElement":[{"@type":"ListItem","position":1,"name":"Accueil","item":"https:\/\/www.delagemusic.fr\/instrument\/"},{"@type":"ListItem","position":2,"name":"Boutique","item":"https:\/\/www.delagemusic.fr\/instrument\/shop\/"},{"@type":"ListItem","position":3,"name":"Boite d&rsquo;anches l Vandoren Traditionnelles 2,5 l Saxophone Soprano"}]},{"@type":"WebSite","@id":"https:\/\/www.delagemusic.fr\/instrument\/#website","url":"https:\/\/www.delagemusic.fr\/instrument\/","name":"Delage Music","description":"Instruments, musique et partitions","publisher":{"@id":"https:\/\/www.delagemusic.fr\/instrument\/#organization"},"alternateName":"Delage Music","potentialAction":[{"@type":"SearchAction","target":{"@type":"EntryPoint","urlTemplate":"https:\/\/www.delagemusic.fr\/instrument\/?s={search_term_string}"},"query-input":{"@type":"PropertyValueSpecification","valueRequired":true,"valueName":"search_term_string"}}],"inLanguage":"fr-FR"},{"@type":"Organization","@id":"https:\/\/www.delagemusic.fr\/instrument\/#organization","name":"Delage Music","alternateName":"Delage Music","url":"https:\/\/www.delagemusic.fr\/instrument\/","logo":{"@type":"ImageObject","inLanguage":"fr-FR","@id":"https:\/\/www.delagemusic.fr\/instrument\/#\/schema\/logo\/image\/","url":"https:\/\/www.delagemusic.fr\/instrument\/wp-content\/uploads\/2025\/01\/delage_music_noir_logo_svg.svg","contentUrl":"https:\/\/www.delagemusic.fr\/instrument\/wp-content\/uploads\/2025\/01\/delage_music_noir_logo_svg.svg","width":196,"height":133,"caption":"Delage Music"},"image":{"@id":"https:\/\/www.delagemusic.fr\/instrument\/#\/schema\/logo\/image\/"}}]}},"_links":{"self":[{"href":"https:\/\/www.delagemusic.fr\/instrument\/wp-json\/wp\/v2\/product\/10298","targetHints":{"allow":["GET"]}}],"collection":[{"href":"https:\/\/www.delagemusic.fr\/instrument\/wp-json\/wp\/v2\/product"}],"about":[{"href":"https:\/\/www.delagemusic.fr\/instrument\/wp-json\/wp\/v2\/types\/product"}],"wp:featuredmedia":[{"embeddable":true,"href":"https:\/\/www.delagemusic.fr\/instrument\/wp-json\/wp\/v2\/media\/10345"}],"wp:attachment":[{"href":"https:\/\/www.delagemusic.fr\/instrument\/wp-json\/wp\/v2\/media?parent=10298"}],"wp:term":[{"taxonomy":"product_brand","embeddable":true,"href":"https:\/\/www.delagemusic.fr\/instrument\/wp-json\/wp\/v2\/product_brand?post=10298"},{"taxonomy":"product_cat","embeddable":true,"href":"https:\/\/www.delagemusic.fr\/instrument\/wp-json\/wp\/v2\/product_cat?post=10298"},{"taxonomy":"product_tag","embeddable":true,"href":"https:\/\/www.delagemusic.fr\/instrument\/wp-json\/wp\/v2\/product_tag?post=10298"}],"curies":[{"name":"wp","href":"https:\/\/api.w.org\/{rel}","templated":true}]}}