{"id":10352,"date":"2025-05-02T14:00:44","date_gmt":"2025-05-02T12:00:44","guid":{"rendered":"https:\/\/www.delagemusic.fr\/instrument\/?post_type=product&#038;p=10352"},"modified":"2025-06-20T16:47:51","modified_gmt":"2025-06-20T14:47:51","slug":"bec-selmer-concept-pour-saxophone-tenor","status":"publish","type":"product","link":"https:\/\/www.delagemusic.fr\/instrument\/produit\/bec-selmer-concept-pour-saxophone-tenor\/","title":{"rendered":"Bec Selmer Concept pour saxophone T\u00e9nor"},"content":{"rendered":"<p>Design et acoustique ont fait du bec de saxophone Concept LA R\u00c9F\u00c9RENCE des saxophonistes. Ce bec Concept b\u00e9n\u00e9ficie de nouvelles technologies de fabrication. Alliant facilit\u00e9, richesse de son et une grande homog\u00e9n\u00e9it\u00e9 sur l\u2019ensemble des param\u00e8tres, le Concept est un mod\u00e8le de haute pr\u00e9cision acoustique. Son design novateur et raffin\u00e9 traduit parfaitement la philosophie de Henri SELMER Paris qui s&rsquo;engage depuis 1885 \u00e0 r\u00e9pondre aux exigences de tous les musiciens.<\/p>\n","protected":false},"excerpt":{"rendered":"<p>Dernier-n\u00e9 du savoir-faire Henri Selmer Paris, le bec Concept b\u00e9n\u00e9ficie de nouvelles technologies de fabrication.<br \/>\nAlliant facilit\u00e9, richesse de son et une grande homog\u00e9n\u00e9it\u00e9 sur l&rsquo;ensemble des param\u00e8tres, le Concept est un mod\u00e8le de haute pr\u00e9cision acoustique.<\/p>\n","protected":false},"featured_media":10333,"template":"","meta":[],"product_brand":[],"product_cat":[71,79],"product_tag":[121],"class_list":{"0":"post-10352","1":"product","2":"type-product","3":"status-publish","4":"has-post-thumbnail","6":"product_cat-becs","7":"product_cat-becs-saxophone-tenor","8":"product_tag-en-avant","10":"first","11":"instock","12":"taxable","13":"shipping-taxable","14":"purchasable","15":"product-type-simple"},"yoast_head":"<title>Bec Selmer Concept pour saxophone T\u00e9nor - Delage Music<\/title>\n<meta name=\"robots\" content=\"index, follow, max-snippet:-1, max-image-preview:large, max-video-preview:-1\" \/>\n<link rel=\"canonical\" href=\"https:\/\/www.delagemusic.fr\/instrument\/produit\/bec-selmer-concept-pour-saxophone-tenor\/\" \/>\n<meta property=\"og:locale\" content=\"fr_FR\" \/>\n<meta property=\"og:type\" content=\"article\" \/>\n<meta property=\"og:title\" content=\"Bec Selmer Concept pour saxophone T\u00e9nor - Delage Music\" \/>\n<meta property=\"og:description\" content=\"Dernier-n\u00e9 du savoir-faire Henri Selmer Paris, le bec Concept b\u00e9n\u00e9ficie de nouvelles technologies de fabrication. Alliant facilit\u00e9, richesse de son et une grande homog\u00e9n\u00e9it\u00e9 sur l&#039;ensemble des param\u00e8tres, le Concept est un mod\u00e8le de haute pr\u00e9cision acoustique.\" \/>\n<meta property=\"og:url\" content=\"https:\/\/www.delagemusic.fr\/instrument\/produit\/bec-selmer-concept-pour-saxophone-tenor\/\" \/>\n<meta property=\"og:site_name\" content=\"Delage Music\" \/>\n<meta property=\"article:modified_time\" content=\"2025-06-20T14:47:51+00:00\" \/>\n<meta property=\"og:image\" content=\"https:\/\/www.delagemusic.fr\/instrument\/wp-content\/uploads\/2025\/04\/Concept-tenor.png\" \/>\n\t<meta property=\"og:image:width\" content=\"600\" \/>\n\t<meta property=\"og:image:height\" content=\"600\" \/>\n\t<meta property=\"og:image:type\" content=\"image\/png\" \/>\n<script type=\"application\/ld+json\" class=\"yoast-schema-graph\">{\"@context\":\"https:\\\/\\\/schema.org\",\"@graph\":[{\"@type\":\"WebPage\",\"@id\":\"https:\\\/\\\/www.delagemusic.fr\\\/instrument\\\/produit\\\/bec-selmer-concept-pour-saxophone-tenor\\\/\",\"url\":\"https:\\\/\\\/www.delagemusic.fr\\\/instrument\\\/produit\\\/bec-selmer-concept-pour-saxophone-tenor\\\/\",\"name\":\"Bec Selmer Concept pour saxophone T\u00e9nor - Delage Music\",\"isPartOf\":{\"@id\":\"https:\\\/\\\/www.delagemusic.fr\\\/instrument\\\/#website\"},\"primaryImageOfPage\":{\"@id\":\"https:\\\/\\\/www.delagemusic.fr\\\/instrument\\\/produit\\\/bec-selmer-concept-pour-saxophone-tenor\\\/#primaryimage\"},\"image\":{\"@id\":\"https:\\\/\\\/www.delagemusic.fr\\\/instrument\\\/produit\\\/bec-selmer-concept-pour-saxophone-tenor\\\/#primaryimage\"},\"thumbnailUrl\":\"https:\\\/\\\/www.delagemusic.fr\\\/instrument\\\/wp-content\\\/uploads\\\/2025\\\/04\\\/Concept-tenor.png\",\"datePublished\":\"2025-05-02T12:00:44+00:00\",\"dateModified\":\"2025-06-20T14:47:51+00:00\",\"breadcrumb\":{\"@id\":\"https:\\\/\\\/www.delagemusic.fr\\\/instrument\\\/produit\\\/bec-selmer-concept-pour-saxophone-tenor\\\/#breadcrumb\"},\"inLanguage\":\"fr-FR\",\"potentialAction\":[{\"@type\":\"ReadAction\",\"target\":[\"https:\\\/\\\/www.delagemusic.fr\\\/instrument\\\/produit\\\/bec-selmer-concept-pour-saxophone-tenor\\\/\"]}]},{\"@type\":\"ImageObject\",\"inLanguage\":\"fr-FR\",\"@id\":\"https:\\\/\\\/www.delagemusic.fr\\\/instrument\\\/produit\\\/bec-selmer-concept-pour-saxophone-tenor\\\/#primaryimage\",\"url\":\"https:\\\/\\\/www.delagemusic.fr\\\/instrument\\\/wp-content\\\/uploads\\\/2025\\\/04\\\/Concept-tenor.png\",\"contentUrl\":\"https:\\\/\\\/www.delagemusic.fr\\\/instrument\\\/wp-content\\\/uploads\\\/2025\\\/04\\\/Concept-tenor.png\",\"width\":600,\"height\":600,\"caption\":\"bec selmer concept tenor\"},{\"@type\":\"BreadcrumbList\",\"@id\":\"https:\\\/\\\/www.delagemusic.fr\\\/instrument\\\/produit\\\/bec-selmer-concept-pour-saxophone-tenor\\\/#breadcrumb\",\"itemListElement\":[{\"@type\":\"ListItem\",\"position\":1,\"name\":\"Accueil\",\"item\":\"https:\\\/\\\/www.delagemusic.fr\\\/instrument\\\/\"},{\"@type\":\"ListItem\",\"position\":2,\"name\":\"Boutique\",\"item\":\"https:\\\/\\\/www.delagemusic.fr\\\/instrument\\\/shop\\\/\"},{\"@type\":\"ListItem\",\"position\":3,\"name\":\"Bec Selmer Concept pour saxophone T\u00e9nor\"}]},{\"@type\":\"WebSite\",\"@id\":\"https:\\\/\\\/www.delagemusic.fr\\\/instrument\\\/#website\",\"url\":\"https:\\\/\\\/www.delagemusic.fr\\\/instrument\\\/\",\"name\":\"Delage Music\",\"description\":\"Instruments, musique et partitions\",\"publisher\":{\"@id\":\"https:\\\/\\\/www.delagemusic.fr\\\/instrument\\\/#organization\"},\"alternateName\":\"Delage Music\",\"potentialAction\":[{\"@type\":\"SearchAction\",\"target\":{\"@type\":\"EntryPoint\",\"urlTemplate\":\"https:\\\/\\\/www.delagemusic.fr\\\/instrument\\\/?s={search_term_string}\"},\"query-input\":{\"@type\":\"PropertyValueSpecification\",\"valueRequired\":true,\"valueName\":\"search_term_string\"}}],\"inLanguage\":\"fr-FR\"},{\"@type\":\"Organization\",\"@id\":\"https:\\\/\\\/www.delagemusic.fr\\\/instrument\\\/#organization\",\"name\":\"Delage Music\",\"alternateName\":\"Delage Music\",\"url\":\"https:\\\/\\\/www.delagemusic.fr\\\/instrument\\\/\",\"logo\":{\"@type\":\"ImageObject\",\"inLanguage\":\"fr-FR\",\"@id\":\"https:\\\/\\\/www.delagemusic.fr\\\/instrument\\\/#\\\/schema\\\/logo\\\/image\\\/\",\"url\":\"https:\\\/\\\/www.delagemusic.fr\\\/instrument\\\/wp-content\\\/uploads\\\/2025\\\/01\\\/delage_music_noir_logo_svg.svg\",\"contentUrl\":\"https:\\\/\\\/www.delagemusic.fr\\\/instrument\\\/wp-content\\\/uploads\\\/2025\\\/01\\\/delage_music_noir_logo_svg.svg\",\"width\":196,\"height\":133,\"caption\":\"Delage Music\"},\"image\":{\"@id\":\"https:\\\/\\\/www.delagemusic.fr\\\/instrument\\\/#\\\/schema\\\/logo\\\/image\\\/\"}}]}<\/script>","yoast_head_json":{"title":"Bec Selmer Concept pour saxophone T\u00e9nor - Delage Music","robots":{"index":"index","follow":"follow","max-snippet":"max-snippet:-1","max-image-preview":"max-image-preview:large","max-video-preview":"max-video-preview:-1"},"canonical":"https:\/\/www.delagemusic.fr\/instrument\/produit\/bec-selmer-concept-pour-saxophone-tenor\/","og_locale":"fr_FR","og_type":"article","og_title":"Bec Selmer Concept pour saxophone T\u00e9nor - Delage Music","og_description":"Dernier-n\u00e9 du savoir-faire Henri Selmer Paris, le bec Concept b\u00e9n\u00e9ficie de nouvelles technologies de fabrication. Alliant facilit\u00e9, richesse de son et une grande homog\u00e9n\u00e9it\u00e9 sur l'ensemble des param\u00e8tres, le Concept est un mod\u00e8le de haute pr\u00e9cision acoustique.","og_url":"https:\/\/www.delagemusic.fr\/instrument\/produit\/bec-selmer-concept-pour-saxophone-tenor\/","og_site_name":"Delage Music","article_modified_time":"2025-06-20T14:47:51+00:00","og_image":[{"width":600,"height":600,"url":"https:\/\/www.delagemusic.fr\/instrument\/wp-content\/uploads\/2025\/04\/Concept-tenor.png","type":"image\/png"}],"schema":{"@context":"https:\/\/schema.org","@graph":[{"@type":"WebPage","@id":"https:\/\/www.delagemusic.fr\/instrument\/produit\/bec-selmer-concept-pour-saxophone-tenor\/","url":"https:\/\/www.delagemusic.fr\/instrument\/produit\/bec-selmer-concept-pour-saxophone-tenor\/","name":"Bec Selmer Concept pour saxophone T\u00e9nor - Delage Music","isPartOf":{"@id":"https:\/\/www.delagemusic.fr\/instrument\/#website"},"primaryImageOfPage":{"@id":"https:\/\/www.delagemusic.fr\/instrument\/produit\/bec-selmer-concept-pour-saxophone-tenor\/#primaryimage"},"image":{"@id":"https:\/\/www.delagemusic.fr\/instrument\/produit\/bec-selmer-concept-pour-saxophone-tenor\/#primaryimage"},"thumbnailUrl":"https:\/\/www.delagemusic.fr\/instrument\/wp-content\/uploads\/2025\/04\/Concept-tenor.png","datePublished":"2025-05-02T12:00:44+00:00","dateModified":"2025-06-20T14:47:51+00:00","breadcrumb":{"@id":"https:\/\/www.delagemusic.fr\/instrument\/produit\/bec-selmer-concept-pour-saxophone-tenor\/#breadcrumb"},"inLanguage":"fr-FR","potentialAction":[{"@type":"ReadAction","target":["https:\/\/www.delagemusic.fr\/instrument\/produit\/bec-selmer-concept-pour-saxophone-tenor\/"]}]},{"@type":"ImageObject","inLanguage":"fr-FR","@id":"https:\/\/www.delagemusic.fr\/instrument\/produit\/bec-selmer-concept-pour-saxophone-tenor\/#primaryimage","url":"https:\/\/www.delagemusic.fr\/instrument\/wp-content\/uploads\/2025\/04\/Concept-tenor.png","contentUrl":"https:\/\/www.delagemusic.fr\/instrument\/wp-content\/uploads\/2025\/04\/Concept-tenor.png","width":600,"height":600,"caption":"bec selmer concept tenor"},{"@type":"BreadcrumbList","@id":"https:\/\/www.delagemusic.fr\/instrument\/produit\/bec-selmer-concept-pour-saxophone-tenor\/#breadcrumb","itemListElement":[{"@type":"ListItem","position":1,"name":"Accueil","item":"https:\/\/www.delagemusic.fr\/instrument\/"},{"@type":"ListItem","position":2,"name":"Boutique","item":"https:\/\/www.delagemusic.fr\/instrument\/shop\/"},{"@type":"ListItem","position":3,"name":"Bec Selmer Concept pour saxophone T\u00e9nor"}]},{"@type":"WebSite","@id":"https:\/\/www.delagemusic.fr\/instrument\/#website","url":"https:\/\/www.delagemusic.fr\/instrument\/","name":"Delage Music","description":"Instruments, musique et partitions","publisher":{"@id":"https:\/\/www.delagemusic.fr\/instrument\/#organization"},"alternateName":"Delage Music","potentialAction":[{"@type":"SearchAction","target":{"@type":"EntryPoint","urlTemplate":"https:\/\/www.delagemusic.fr\/instrument\/?s={search_term_string}"},"query-input":{"@type":"PropertyValueSpecification","valueRequired":true,"valueName":"search_term_string"}}],"inLanguage":"fr-FR"},{"@type":"Organization","@id":"https:\/\/www.delagemusic.fr\/instrument\/#organization","name":"Delage Music","alternateName":"Delage Music","url":"https:\/\/www.delagemusic.fr\/instrument\/","logo":{"@type":"ImageObject","inLanguage":"fr-FR","@id":"https:\/\/www.delagemusic.fr\/instrument\/#\/schema\/logo\/image\/","url":"https:\/\/www.delagemusic.fr\/instrument\/wp-content\/uploads\/2025\/01\/delage_music_noir_logo_svg.svg","contentUrl":"https:\/\/www.delagemusic.fr\/instrument\/wp-content\/uploads\/2025\/01\/delage_music_noir_logo_svg.svg","width":196,"height":133,"caption":"Delage Music"},"image":{"@id":"https:\/\/www.delagemusic.fr\/instrument\/#\/schema\/logo\/image\/"}}]}},"_links":{"self":[{"href":"https:\/\/www.delagemusic.fr\/instrument\/wp-json\/wp\/v2\/product\/10352","targetHints":{"allow":["GET"]}}],"collection":[{"href":"https:\/\/www.delagemusic.fr\/instrument\/wp-json\/wp\/v2\/product"}],"about":[{"href":"https:\/\/www.delagemusic.fr\/instrument\/wp-json\/wp\/v2\/types\/product"}],"wp:featuredmedia":[{"embeddable":true,"href":"https:\/\/www.delagemusic.fr\/instrument\/wp-json\/wp\/v2\/media\/10333"}],"wp:attachment":[{"href":"https:\/\/www.delagemusic.fr\/instrument\/wp-json\/wp\/v2\/media?parent=10352"}],"wp:term":[{"taxonomy":"product_brand","embeddable":true,"href":"https:\/\/www.delagemusic.fr\/instrument\/wp-json\/wp\/v2\/product_brand?post=10352"},{"taxonomy":"product_cat","embeddable":true,"href":"https:\/\/www.delagemusic.fr\/instrument\/wp-json\/wp\/v2\/product_cat?post=10352"},{"taxonomy":"product_tag","embeddable":true,"href":"https:\/\/www.delagemusic.fr\/instrument\/wp-json\/wp\/v2\/product_tag?post=10352"}],"curies":[{"name":"wp","href":"https:\/\/api.w.org\/{rel}","templated":true}]}}