{"id":10360,"date":"2025-05-09T11:06:34","date_gmt":"2025-05-09T09:06:34","guid":{"rendered":"https:\/\/www.delagemusic.fr\/instrument\/?post_type=product&#038;p=10360"},"modified":"2025-05-09T11:06:35","modified_gmt":"2025-05-09T09:06:35","slug":"bec-selmer-s80-c-pour-saxophone-soprano","status":"publish","type":"product","link":"https:\/\/www.delagemusic.fr\/instrument\/produit\/bec-selmer-s80-c-pour-saxophone-soprano\/","title":{"rendered":"Bec Selmer S80 C* pour saxophone Soprano"},"content":{"rendered":"<p>D\u00e9clin\u00e9 sur toute la famille du saxophone, le bec S80, consid\u00e9r\u00e9 comme la r\u00e9f\u00e9rence mondiale, a acquis un niveau de popularit\u00e9 sans pr\u00e9c\u00e9dent.<\/p>\n<p>Ce bec pour saxophone soprano se caract\u00e9rise par son grain de son tr\u00e8s chaleureux, une sonorit\u00e9 large et ample.<\/p>\n<ul>\n<li>Ouvertures disponibles : C* (1.17 mm), C** (1.22 mm), D (1.27 mm), E (1.32 mm), F (1.37 mm).<\/li>\n<li>Longueur table : 18 mm.<\/li>\n<li>Chambre : carr\u00e9e.<\/li>\n<li>Inclus : pastille prot\u00e8ge-bec.<\/li>\n<\/ul>\n","protected":false},"excerpt":{"rendered":"<p>D\u00e9clin\u00e9 sur toute la famille du saxophone, le bec S80, consid\u00e9r\u00e9 comme la r\u00e9f\u00e9rence en mati\u00e8re de bec, a acquis un niveau de popularit\u00e9 sans pr\u00e9c\u00e9dent.<\/p>\n<p>Il se caract\u00e9rise par son grain de son tr\u00e8s chaleureux, une sonorit\u00e9 large et ample.<\/p>\n<p>Vendu sans ligature ni couvre-bec.<\/p>\n","protected":false},"featured_media":10337,"template":"","meta":[],"product_brand":[],"product_cat":[77],"product_tag":[],"class_list":{"0":"post-10360","1":"product","2":"type-product","3":"status-publish","4":"has-post-thumbnail","6":"product_cat-becs-saxophone-soprano","8":"first","9":"instock","10":"taxable","11":"shipping-taxable","12":"purchasable","13":"product-type-simple"},"yoast_head":"<title>Bec Selmer S80 C* pour saxophone Soprano - Delage Music<\/title>\n<meta name=\"robots\" content=\"index, follow, max-snippet:-1, max-image-preview:large, max-video-preview:-1\" \/>\n<link rel=\"canonical\" href=\"https:\/\/www.delagemusic.fr\/instrument\/produit\/bec-selmer-s80-c-pour-saxophone-soprano\/\" \/>\n<meta property=\"og:locale\" content=\"fr_FR\" \/>\n<meta property=\"og:type\" content=\"article\" \/>\n<meta property=\"og:title\" content=\"Bec Selmer S80 C* pour saxophone Soprano - Delage Music\" \/>\n<meta property=\"og:description\" content=\"D\u00e9clin\u00e9 sur toute la famille du saxophone, le bec S80, consid\u00e9r\u00e9 comme la r\u00e9f\u00e9rence en mati\u00e8re de bec, a acquis un niveau de popularit\u00e9 sans pr\u00e9c\u00e9dent.  Il se caract\u00e9rise par son grain de son tr\u00e8s chaleureux, une sonorit\u00e9 large et ample.  Vendu sans ligature ni couvre-bec.\" \/>\n<meta property=\"og:url\" content=\"https:\/\/www.delagemusic.fr\/instrument\/produit\/bec-selmer-s80-c-pour-saxophone-soprano\/\" \/>\n<meta property=\"og:site_name\" content=\"Delage Music\" \/>\n<meta property=\"article:modified_time\" content=\"2025-05-09T09:06:35+00:00\" \/>\n<meta property=\"og:image\" content=\"https:\/\/www.delagemusic.fr\/instrument\/wp-content\/uploads\/2025\/04\/S80-Soprano.png\" \/>\n\t<meta property=\"og:image:width\" content=\"600\" \/>\n\t<meta property=\"og:image:height\" content=\"600\" \/>\n\t<meta property=\"og:image:type\" content=\"image\/png\" \/>\n<script type=\"application\/ld+json\" class=\"yoast-schema-graph\">{\"@context\":\"https:\\\/\\\/schema.org\",\"@graph\":[{\"@type\":\"WebPage\",\"@id\":\"https:\\\/\\\/www.delagemusic.fr\\\/instrument\\\/produit\\\/bec-selmer-s80-c-pour-saxophone-soprano\\\/\",\"url\":\"https:\\\/\\\/www.delagemusic.fr\\\/instrument\\\/produit\\\/bec-selmer-s80-c-pour-saxophone-soprano\\\/\",\"name\":\"Bec Selmer S80 C* pour saxophone Soprano - Delage Music\",\"isPartOf\":{\"@id\":\"https:\\\/\\\/www.delagemusic.fr\\\/instrument\\\/#website\"},\"primaryImageOfPage\":{\"@id\":\"https:\\\/\\\/www.delagemusic.fr\\\/instrument\\\/produit\\\/bec-selmer-s80-c-pour-saxophone-soprano\\\/#primaryimage\"},\"image\":{\"@id\":\"https:\\\/\\\/www.delagemusic.fr\\\/instrument\\\/produit\\\/bec-selmer-s80-c-pour-saxophone-soprano\\\/#primaryimage\"},\"thumbnailUrl\":\"https:\\\/\\\/www.delagemusic.fr\\\/instrument\\\/wp-content\\\/uploads\\\/2025\\\/04\\\/S80-Soprano.png\",\"datePublished\":\"2025-05-09T09:06:34+00:00\",\"dateModified\":\"2025-05-09T09:06:35+00:00\",\"breadcrumb\":{\"@id\":\"https:\\\/\\\/www.delagemusic.fr\\\/instrument\\\/produit\\\/bec-selmer-s80-c-pour-saxophone-soprano\\\/#breadcrumb\"},\"inLanguage\":\"fr-FR\",\"potentialAction\":[{\"@type\":\"ReadAction\",\"target\":[\"https:\\\/\\\/www.delagemusic.fr\\\/instrument\\\/produit\\\/bec-selmer-s80-c-pour-saxophone-soprano\\\/\"]}]},{\"@type\":\"ImageObject\",\"inLanguage\":\"fr-FR\",\"@id\":\"https:\\\/\\\/www.delagemusic.fr\\\/instrument\\\/produit\\\/bec-selmer-s80-c-pour-saxophone-soprano\\\/#primaryimage\",\"url\":\"https:\\\/\\\/www.delagemusic.fr\\\/instrument\\\/wp-content\\\/uploads\\\/2025\\\/04\\\/S80-Soprano.png\",\"contentUrl\":\"https:\\\/\\\/www.delagemusic.fr\\\/instrument\\\/wp-content\\\/uploads\\\/2025\\\/04\\\/S80-Soprano.png\",\"width\":600,\"height\":600,\"caption\":\"Delage Music Bec Selmer s80 soprano\"},{\"@type\":\"BreadcrumbList\",\"@id\":\"https:\\\/\\\/www.delagemusic.fr\\\/instrument\\\/produit\\\/bec-selmer-s80-c-pour-saxophone-soprano\\\/#breadcrumb\",\"itemListElement\":[{\"@type\":\"ListItem\",\"position\":1,\"name\":\"Accueil\",\"item\":\"https:\\\/\\\/www.delagemusic.fr\\\/instrument\\\/\"},{\"@type\":\"ListItem\",\"position\":2,\"name\":\"Boutique\",\"item\":\"https:\\\/\\\/www.delagemusic.fr\\\/instrument\\\/shop\\\/\"},{\"@type\":\"ListItem\",\"position\":3,\"name\":\"Bec Selmer S80 C* pour saxophone Soprano\"}]},{\"@type\":\"WebSite\",\"@id\":\"https:\\\/\\\/www.delagemusic.fr\\\/instrument\\\/#website\",\"url\":\"https:\\\/\\\/www.delagemusic.fr\\\/instrument\\\/\",\"name\":\"Delage Music\",\"description\":\"Instruments, musique et partitions\",\"publisher\":{\"@id\":\"https:\\\/\\\/www.delagemusic.fr\\\/instrument\\\/#organization\"},\"alternateName\":\"Delage Music\",\"potentialAction\":[{\"@type\":\"SearchAction\",\"target\":{\"@type\":\"EntryPoint\",\"urlTemplate\":\"https:\\\/\\\/www.delagemusic.fr\\\/instrument\\\/?s={search_term_string}\"},\"query-input\":{\"@type\":\"PropertyValueSpecification\",\"valueRequired\":true,\"valueName\":\"search_term_string\"}}],\"inLanguage\":\"fr-FR\"},{\"@type\":\"Organization\",\"@id\":\"https:\\\/\\\/www.delagemusic.fr\\\/instrument\\\/#organization\",\"name\":\"Delage Music\",\"alternateName\":\"Delage Music\",\"url\":\"https:\\\/\\\/www.delagemusic.fr\\\/instrument\\\/\",\"logo\":{\"@type\":\"ImageObject\",\"inLanguage\":\"fr-FR\",\"@id\":\"https:\\\/\\\/www.delagemusic.fr\\\/instrument\\\/#\\\/schema\\\/logo\\\/image\\\/\",\"url\":\"https:\\\/\\\/www.delagemusic.fr\\\/instrument\\\/wp-content\\\/uploads\\\/2025\\\/01\\\/delage_music_noir_logo_svg.svg\",\"contentUrl\":\"https:\\\/\\\/www.delagemusic.fr\\\/instrument\\\/wp-content\\\/uploads\\\/2025\\\/01\\\/delage_music_noir_logo_svg.svg\",\"width\":196,\"height\":133,\"caption\":\"Delage Music\"},\"image\":{\"@id\":\"https:\\\/\\\/www.delagemusic.fr\\\/instrument\\\/#\\\/schema\\\/logo\\\/image\\\/\"}}]}<\/script>","yoast_head_json":{"title":"Bec Selmer S80 C* pour saxophone Soprano - Delage Music","robots":{"index":"index","follow":"follow","max-snippet":"max-snippet:-1","max-image-preview":"max-image-preview:large","max-video-preview":"max-video-preview:-1"},"canonical":"https:\/\/www.delagemusic.fr\/instrument\/produit\/bec-selmer-s80-c-pour-saxophone-soprano\/","og_locale":"fr_FR","og_type":"article","og_title":"Bec Selmer S80 C* pour saxophone Soprano - Delage Music","og_description":"D\u00e9clin\u00e9 sur toute la famille du saxophone, le bec S80, consid\u00e9r\u00e9 comme la r\u00e9f\u00e9rence en mati\u00e8re de bec, a acquis un niveau de popularit\u00e9 sans pr\u00e9c\u00e9dent.  Il se caract\u00e9rise par son grain de son tr\u00e8s chaleureux, une sonorit\u00e9 large et ample.  Vendu sans ligature ni couvre-bec.","og_url":"https:\/\/www.delagemusic.fr\/instrument\/produit\/bec-selmer-s80-c-pour-saxophone-soprano\/","og_site_name":"Delage Music","article_modified_time":"2025-05-09T09:06:35+00:00","og_image":[{"width":600,"height":600,"url":"https:\/\/www.delagemusic.fr\/instrument\/wp-content\/uploads\/2025\/04\/S80-Soprano.png","type":"image\/png"}],"schema":{"@context":"https:\/\/schema.org","@graph":[{"@type":"WebPage","@id":"https:\/\/www.delagemusic.fr\/instrument\/produit\/bec-selmer-s80-c-pour-saxophone-soprano\/","url":"https:\/\/www.delagemusic.fr\/instrument\/produit\/bec-selmer-s80-c-pour-saxophone-soprano\/","name":"Bec Selmer S80 C* pour saxophone Soprano - Delage Music","isPartOf":{"@id":"https:\/\/www.delagemusic.fr\/instrument\/#website"},"primaryImageOfPage":{"@id":"https:\/\/www.delagemusic.fr\/instrument\/produit\/bec-selmer-s80-c-pour-saxophone-soprano\/#primaryimage"},"image":{"@id":"https:\/\/www.delagemusic.fr\/instrument\/produit\/bec-selmer-s80-c-pour-saxophone-soprano\/#primaryimage"},"thumbnailUrl":"https:\/\/www.delagemusic.fr\/instrument\/wp-content\/uploads\/2025\/04\/S80-Soprano.png","datePublished":"2025-05-09T09:06:34+00:00","dateModified":"2025-05-09T09:06:35+00:00","breadcrumb":{"@id":"https:\/\/www.delagemusic.fr\/instrument\/produit\/bec-selmer-s80-c-pour-saxophone-soprano\/#breadcrumb"},"inLanguage":"fr-FR","potentialAction":[{"@type":"ReadAction","target":["https:\/\/www.delagemusic.fr\/instrument\/produit\/bec-selmer-s80-c-pour-saxophone-soprano\/"]}]},{"@type":"ImageObject","inLanguage":"fr-FR","@id":"https:\/\/www.delagemusic.fr\/instrument\/produit\/bec-selmer-s80-c-pour-saxophone-soprano\/#primaryimage","url":"https:\/\/www.delagemusic.fr\/instrument\/wp-content\/uploads\/2025\/04\/S80-Soprano.png","contentUrl":"https:\/\/www.delagemusic.fr\/instrument\/wp-content\/uploads\/2025\/04\/S80-Soprano.png","width":600,"height":600,"caption":"Delage Music Bec Selmer s80 soprano"},{"@type":"BreadcrumbList","@id":"https:\/\/www.delagemusic.fr\/instrument\/produit\/bec-selmer-s80-c-pour-saxophone-soprano\/#breadcrumb","itemListElement":[{"@type":"ListItem","position":1,"name":"Accueil","item":"https:\/\/www.delagemusic.fr\/instrument\/"},{"@type":"ListItem","position":2,"name":"Boutique","item":"https:\/\/www.delagemusic.fr\/instrument\/shop\/"},{"@type":"ListItem","position":3,"name":"Bec Selmer S80 C* pour saxophone Soprano"}]},{"@type":"WebSite","@id":"https:\/\/www.delagemusic.fr\/instrument\/#website","url":"https:\/\/www.delagemusic.fr\/instrument\/","name":"Delage Music","description":"Instruments, musique et partitions","publisher":{"@id":"https:\/\/www.delagemusic.fr\/instrument\/#organization"},"alternateName":"Delage Music","potentialAction":[{"@type":"SearchAction","target":{"@type":"EntryPoint","urlTemplate":"https:\/\/www.delagemusic.fr\/instrument\/?s={search_term_string}"},"query-input":{"@type":"PropertyValueSpecification","valueRequired":true,"valueName":"search_term_string"}}],"inLanguage":"fr-FR"},{"@type":"Organization","@id":"https:\/\/www.delagemusic.fr\/instrument\/#organization","name":"Delage Music","alternateName":"Delage Music","url":"https:\/\/www.delagemusic.fr\/instrument\/","logo":{"@type":"ImageObject","inLanguage":"fr-FR","@id":"https:\/\/www.delagemusic.fr\/instrument\/#\/schema\/logo\/image\/","url":"https:\/\/www.delagemusic.fr\/instrument\/wp-content\/uploads\/2025\/01\/delage_music_noir_logo_svg.svg","contentUrl":"https:\/\/www.delagemusic.fr\/instrument\/wp-content\/uploads\/2025\/01\/delage_music_noir_logo_svg.svg","width":196,"height":133,"caption":"Delage Music"},"image":{"@id":"https:\/\/www.delagemusic.fr\/instrument\/#\/schema\/logo\/image\/"}}]}},"_links":{"self":[{"href":"https:\/\/www.delagemusic.fr\/instrument\/wp-json\/wp\/v2\/product\/10360","targetHints":{"allow":["GET"]}}],"collection":[{"href":"https:\/\/www.delagemusic.fr\/instrument\/wp-json\/wp\/v2\/product"}],"about":[{"href":"https:\/\/www.delagemusic.fr\/instrument\/wp-json\/wp\/v2\/types\/product"}],"wp:featuredmedia":[{"embeddable":true,"href":"https:\/\/www.delagemusic.fr\/instrument\/wp-json\/wp\/v2\/media\/10337"}],"wp:attachment":[{"href":"https:\/\/www.delagemusic.fr\/instrument\/wp-json\/wp\/v2\/media?parent=10360"}],"wp:term":[{"taxonomy":"product_brand","embeddable":true,"href":"https:\/\/www.delagemusic.fr\/instrument\/wp-json\/wp\/v2\/product_brand?post=10360"},{"taxonomy":"product_cat","embeddable":true,"href":"https:\/\/www.delagemusic.fr\/instrument\/wp-json\/wp\/v2\/product_cat?post=10360"},{"taxonomy":"product_tag","embeddable":true,"href":"https:\/\/www.delagemusic.fr\/instrument\/wp-json\/wp\/v2\/product_tag?post=10360"}],"curies":[{"name":"wp","href":"https:\/\/api.w.org\/{rel}","templated":true}]}}