{"id":10368,"date":"2025-05-09T12:29:17","date_gmt":"2025-05-09T10:29:17","guid":{"rendered":"https:\/\/www.delagemusic.fr\/instrument\/?post_type=product&#038;p=10368"},"modified":"2025-05-09T13:25:37","modified_gmt":"2025-05-09T11:25:37","slug":"bec-selmer-s90-190-pour-saxophone-tenor","status":"publish","type":"product","link":"https:\/\/www.delagemusic.fr\/instrument\/produit\/bec-selmer-s90-190-pour-saxophone-tenor\/","title":{"rendered":"Bec Selmer S90 190 pour saxophone T\u00e9nor"},"content":{"rendered":"<p>Le S90 peut \u00eatre qualifi\u00e9 de bec universel. Stable et fiable qui convient \u00e0 tous les styles de musique.<\/p>\n<p>Ce bec pour saxophone t\u00e9nor r\u00e9pond \u00e0 la fois aux besoins des \u00e9l\u00e8ves et aux aspirations des professionnels : efficace, d\u2019\u00e9mission tr\u00e8s directe et dont la grande flexibilit\u00e9 procure une bonne souplesse de jeu. Il est tr\u00e8s homog\u00e8ne, timbr\u00e9, avec d\u2019excellents suraigus.<\/p>\n<ul>\n<li>Ouvertures disponibles : 170 (1.70 mm), 180 (1.80 mm), 190 (1.90 mm), 200 (2.00 mm).<\/li>\n<li>Longueur table : 23 mm.<\/li>\n<li>Chambre : carr\u00e9e.<\/li>\n<li>Inclus : pastille prot\u00e8ge-bec.<\/li>\n<\/ul>\n","protected":false},"excerpt":{"rendered":"<p>Henri Selmer Paris propose une large gamme de becs correspondant \u00e0 des esth\u00e9tiques de son diff\u00e9rentes.<\/p>\n<p>Le 190 est un incontournable de cette gamme, pr\u00e9cision, finesse et rondeur sont au rendez-vous.<\/p>\n<p>Vendu sans ligature ni couvre-bec.<\/p>\n","protected":false},"featured_media":10342,"template":"","meta":[],"product_brand":[],"product_cat":[79],"product_tag":[],"class_list":{"0":"post-10368","1":"product","2":"type-product","3":"status-publish","4":"has-post-thumbnail","6":"product_cat-becs-saxophone-tenor","8":"first","9":"instock","10":"taxable","11":"shipping-taxable","12":"purchasable","13":"product-type-simple"},"yoast_head":"<title>Bec Selmer S90 190 pour saxophone T\u00e9nor - Delage Music<\/title>\n<meta name=\"robots\" content=\"index, follow, max-snippet:-1, max-image-preview:large, max-video-preview:-1\" \/>\n<link rel=\"canonical\" href=\"https:\/\/www.delagemusic.fr\/instrument\/produit\/bec-selmer-s90-190-pour-saxophone-tenor\/\" \/>\n<meta property=\"og:locale\" content=\"fr_FR\" \/>\n<meta property=\"og:type\" content=\"article\" \/>\n<meta property=\"og:title\" content=\"Bec Selmer S90 190 pour saxophone T\u00e9nor - Delage Music\" \/>\n<meta property=\"og:description\" content=\"Henri Selmer Paris propose une large gamme de becs correspondant \u00e0 des esth\u00e9tiques de son diff\u00e9rentes.  Le 190 est un incontournable de cette gamme, pr\u00e9cision, finesse et rondeur sont au rendez-vous.  Vendu sans ligature ni couvre-bec.\" \/>\n<meta property=\"og:url\" content=\"https:\/\/www.delagemusic.fr\/instrument\/produit\/bec-selmer-s90-190-pour-saxophone-tenor\/\" \/>\n<meta property=\"og:site_name\" content=\"Delage Music\" \/>\n<meta property=\"article:modified_time\" content=\"2025-05-09T11:25:37+00:00\" \/>\n<meta property=\"og:image\" content=\"https:\/\/www.delagemusic.fr\/instrument\/wp-content\/uploads\/2025\/04\/S90-tenor.png\" \/>\n\t<meta property=\"og:image:width\" content=\"600\" \/>\n\t<meta property=\"og:image:height\" content=\"600\" \/>\n\t<meta property=\"og:image:type\" content=\"image\/png\" \/>\n<script type=\"application\/ld+json\" class=\"yoast-schema-graph\">{\"@context\":\"https:\\\/\\\/schema.org\",\"@graph\":[{\"@type\":\"WebPage\",\"@id\":\"https:\\\/\\\/www.delagemusic.fr\\\/instrument\\\/produit\\\/bec-selmer-s90-190-pour-saxophone-tenor\\\/\",\"url\":\"https:\\\/\\\/www.delagemusic.fr\\\/instrument\\\/produit\\\/bec-selmer-s90-190-pour-saxophone-tenor\\\/\",\"name\":\"Bec Selmer S90 190 pour saxophone T\u00e9nor - Delage Music\",\"isPartOf\":{\"@id\":\"https:\\\/\\\/www.delagemusic.fr\\\/instrument\\\/#website\"},\"primaryImageOfPage\":{\"@id\":\"https:\\\/\\\/www.delagemusic.fr\\\/instrument\\\/produit\\\/bec-selmer-s90-190-pour-saxophone-tenor\\\/#primaryimage\"},\"image\":{\"@id\":\"https:\\\/\\\/www.delagemusic.fr\\\/instrument\\\/produit\\\/bec-selmer-s90-190-pour-saxophone-tenor\\\/#primaryimage\"},\"thumbnailUrl\":\"https:\\\/\\\/www.delagemusic.fr\\\/instrument\\\/wp-content\\\/uploads\\\/2025\\\/04\\\/S90-tenor.png\",\"datePublished\":\"2025-05-09T10:29:17+00:00\",\"dateModified\":\"2025-05-09T11:25:37+00:00\",\"breadcrumb\":{\"@id\":\"https:\\\/\\\/www.delagemusic.fr\\\/instrument\\\/produit\\\/bec-selmer-s90-190-pour-saxophone-tenor\\\/#breadcrumb\"},\"inLanguage\":\"fr-FR\",\"potentialAction\":[{\"@type\":\"ReadAction\",\"target\":[\"https:\\\/\\\/www.delagemusic.fr\\\/instrument\\\/produit\\\/bec-selmer-s90-190-pour-saxophone-tenor\\\/\"]}]},{\"@type\":\"ImageObject\",\"inLanguage\":\"fr-FR\",\"@id\":\"https:\\\/\\\/www.delagemusic.fr\\\/instrument\\\/produit\\\/bec-selmer-s90-190-pour-saxophone-tenor\\\/#primaryimage\",\"url\":\"https:\\\/\\\/www.delagemusic.fr\\\/instrument\\\/wp-content\\\/uploads\\\/2025\\\/04\\\/S90-tenor.png\",\"contentUrl\":\"https:\\\/\\\/www.delagemusic.fr\\\/instrument\\\/wp-content\\\/uploads\\\/2025\\\/04\\\/S90-tenor.png\",\"width\":600,\"height\":600,\"caption\":\"Delage Music Bec Selmer s90 tenor\"},{\"@type\":\"BreadcrumbList\",\"@id\":\"https:\\\/\\\/www.delagemusic.fr\\\/instrument\\\/produit\\\/bec-selmer-s90-190-pour-saxophone-tenor\\\/#breadcrumb\",\"itemListElement\":[{\"@type\":\"ListItem\",\"position\":1,\"name\":\"Accueil\",\"item\":\"https:\\\/\\\/www.delagemusic.fr\\\/instrument\\\/\"},{\"@type\":\"ListItem\",\"position\":2,\"name\":\"Boutique\",\"item\":\"https:\\\/\\\/www.delagemusic.fr\\\/instrument\\\/shop\\\/\"},{\"@type\":\"ListItem\",\"position\":3,\"name\":\"Bec Selmer S90 190 pour saxophone T\u00e9nor\"}]},{\"@type\":\"WebSite\",\"@id\":\"https:\\\/\\\/www.delagemusic.fr\\\/instrument\\\/#website\",\"url\":\"https:\\\/\\\/www.delagemusic.fr\\\/instrument\\\/\",\"name\":\"Delage Music\",\"description\":\"Instruments, musique et partitions\",\"publisher\":{\"@id\":\"https:\\\/\\\/www.delagemusic.fr\\\/instrument\\\/#organization\"},\"alternateName\":\"Delage Music\",\"potentialAction\":[{\"@type\":\"SearchAction\",\"target\":{\"@type\":\"EntryPoint\",\"urlTemplate\":\"https:\\\/\\\/www.delagemusic.fr\\\/instrument\\\/?s={search_term_string}\"},\"query-input\":{\"@type\":\"PropertyValueSpecification\",\"valueRequired\":true,\"valueName\":\"search_term_string\"}}],\"inLanguage\":\"fr-FR\"},{\"@type\":\"Organization\",\"@id\":\"https:\\\/\\\/www.delagemusic.fr\\\/instrument\\\/#organization\",\"name\":\"Delage Music\",\"alternateName\":\"Delage Music\",\"url\":\"https:\\\/\\\/www.delagemusic.fr\\\/instrument\\\/\",\"logo\":{\"@type\":\"ImageObject\",\"inLanguage\":\"fr-FR\",\"@id\":\"https:\\\/\\\/www.delagemusic.fr\\\/instrument\\\/#\\\/schema\\\/logo\\\/image\\\/\",\"url\":\"https:\\\/\\\/www.delagemusic.fr\\\/instrument\\\/wp-content\\\/uploads\\\/2025\\\/01\\\/delage_music_noir_logo_svg.svg\",\"contentUrl\":\"https:\\\/\\\/www.delagemusic.fr\\\/instrument\\\/wp-content\\\/uploads\\\/2025\\\/01\\\/delage_music_noir_logo_svg.svg\",\"width\":196,\"height\":133,\"caption\":\"Delage Music\"},\"image\":{\"@id\":\"https:\\\/\\\/www.delagemusic.fr\\\/instrument\\\/#\\\/schema\\\/logo\\\/image\\\/\"}}]}<\/script>","yoast_head_json":{"title":"Bec Selmer S90 190 pour saxophone T\u00e9nor - Delage Music","robots":{"index":"index","follow":"follow","max-snippet":"max-snippet:-1","max-image-preview":"max-image-preview:large","max-video-preview":"max-video-preview:-1"},"canonical":"https:\/\/www.delagemusic.fr\/instrument\/produit\/bec-selmer-s90-190-pour-saxophone-tenor\/","og_locale":"fr_FR","og_type":"article","og_title":"Bec Selmer S90 190 pour saxophone T\u00e9nor - Delage Music","og_description":"Henri Selmer Paris propose une large gamme de becs correspondant \u00e0 des esth\u00e9tiques de son diff\u00e9rentes.  Le 190 est un incontournable de cette gamme, pr\u00e9cision, finesse et rondeur sont au rendez-vous.  Vendu sans ligature ni couvre-bec.","og_url":"https:\/\/www.delagemusic.fr\/instrument\/produit\/bec-selmer-s90-190-pour-saxophone-tenor\/","og_site_name":"Delage Music","article_modified_time":"2025-05-09T11:25:37+00:00","og_image":[{"width":600,"height":600,"url":"https:\/\/www.delagemusic.fr\/instrument\/wp-content\/uploads\/2025\/04\/S90-tenor.png","type":"image\/png"}],"schema":{"@context":"https:\/\/schema.org","@graph":[{"@type":"WebPage","@id":"https:\/\/www.delagemusic.fr\/instrument\/produit\/bec-selmer-s90-190-pour-saxophone-tenor\/","url":"https:\/\/www.delagemusic.fr\/instrument\/produit\/bec-selmer-s90-190-pour-saxophone-tenor\/","name":"Bec Selmer S90 190 pour saxophone T\u00e9nor - Delage Music","isPartOf":{"@id":"https:\/\/www.delagemusic.fr\/instrument\/#website"},"primaryImageOfPage":{"@id":"https:\/\/www.delagemusic.fr\/instrument\/produit\/bec-selmer-s90-190-pour-saxophone-tenor\/#primaryimage"},"image":{"@id":"https:\/\/www.delagemusic.fr\/instrument\/produit\/bec-selmer-s90-190-pour-saxophone-tenor\/#primaryimage"},"thumbnailUrl":"https:\/\/www.delagemusic.fr\/instrument\/wp-content\/uploads\/2025\/04\/S90-tenor.png","datePublished":"2025-05-09T10:29:17+00:00","dateModified":"2025-05-09T11:25:37+00:00","breadcrumb":{"@id":"https:\/\/www.delagemusic.fr\/instrument\/produit\/bec-selmer-s90-190-pour-saxophone-tenor\/#breadcrumb"},"inLanguage":"fr-FR","potentialAction":[{"@type":"ReadAction","target":["https:\/\/www.delagemusic.fr\/instrument\/produit\/bec-selmer-s90-190-pour-saxophone-tenor\/"]}]},{"@type":"ImageObject","inLanguage":"fr-FR","@id":"https:\/\/www.delagemusic.fr\/instrument\/produit\/bec-selmer-s90-190-pour-saxophone-tenor\/#primaryimage","url":"https:\/\/www.delagemusic.fr\/instrument\/wp-content\/uploads\/2025\/04\/S90-tenor.png","contentUrl":"https:\/\/www.delagemusic.fr\/instrument\/wp-content\/uploads\/2025\/04\/S90-tenor.png","width":600,"height":600,"caption":"Delage Music Bec Selmer s90 tenor"},{"@type":"BreadcrumbList","@id":"https:\/\/www.delagemusic.fr\/instrument\/produit\/bec-selmer-s90-190-pour-saxophone-tenor\/#breadcrumb","itemListElement":[{"@type":"ListItem","position":1,"name":"Accueil","item":"https:\/\/www.delagemusic.fr\/instrument\/"},{"@type":"ListItem","position":2,"name":"Boutique","item":"https:\/\/www.delagemusic.fr\/instrument\/shop\/"},{"@type":"ListItem","position":3,"name":"Bec Selmer S90 190 pour saxophone T\u00e9nor"}]},{"@type":"WebSite","@id":"https:\/\/www.delagemusic.fr\/instrument\/#website","url":"https:\/\/www.delagemusic.fr\/instrument\/","name":"Delage Music","description":"Instruments, musique et partitions","publisher":{"@id":"https:\/\/www.delagemusic.fr\/instrument\/#organization"},"alternateName":"Delage Music","potentialAction":[{"@type":"SearchAction","target":{"@type":"EntryPoint","urlTemplate":"https:\/\/www.delagemusic.fr\/instrument\/?s={search_term_string}"},"query-input":{"@type":"PropertyValueSpecification","valueRequired":true,"valueName":"search_term_string"}}],"inLanguage":"fr-FR"},{"@type":"Organization","@id":"https:\/\/www.delagemusic.fr\/instrument\/#organization","name":"Delage Music","alternateName":"Delage Music","url":"https:\/\/www.delagemusic.fr\/instrument\/","logo":{"@type":"ImageObject","inLanguage":"fr-FR","@id":"https:\/\/www.delagemusic.fr\/instrument\/#\/schema\/logo\/image\/","url":"https:\/\/www.delagemusic.fr\/instrument\/wp-content\/uploads\/2025\/01\/delage_music_noir_logo_svg.svg","contentUrl":"https:\/\/www.delagemusic.fr\/instrument\/wp-content\/uploads\/2025\/01\/delage_music_noir_logo_svg.svg","width":196,"height":133,"caption":"Delage Music"},"image":{"@id":"https:\/\/www.delagemusic.fr\/instrument\/#\/schema\/logo\/image\/"}}]}},"_links":{"self":[{"href":"https:\/\/www.delagemusic.fr\/instrument\/wp-json\/wp\/v2\/product\/10368","targetHints":{"allow":["GET"]}}],"collection":[{"href":"https:\/\/www.delagemusic.fr\/instrument\/wp-json\/wp\/v2\/product"}],"about":[{"href":"https:\/\/www.delagemusic.fr\/instrument\/wp-json\/wp\/v2\/types\/product"}],"wp:featuredmedia":[{"embeddable":true,"href":"https:\/\/www.delagemusic.fr\/instrument\/wp-json\/wp\/v2\/media\/10342"}],"wp:attachment":[{"href":"https:\/\/www.delagemusic.fr\/instrument\/wp-json\/wp\/v2\/media?parent=10368"}],"wp:term":[{"taxonomy":"product_brand","embeddable":true,"href":"https:\/\/www.delagemusic.fr\/instrument\/wp-json\/wp\/v2\/product_brand?post=10368"},{"taxonomy":"product_cat","embeddable":true,"href":"https:\/\/www.delagemusic.fr\/instrument\/wp-json\/wp\/v2\/product_cat?post=10368"},{"taxonomy":"product_tag","embeddable":true,"href":"https:\/\/www.delagemusic.fr\/instrument\/wp-json\/wp\/v2\/product_tag?post=10368"}],"curies":[{"name":"wp","href":"https:\/\/api.w.org\/{rel}","templated":true}]}}