{"id":10418,"date":"2025-05-22T14:53:24","date_gmt":"2025-05-22T12:53:24","guid":{"rendered":"https:\/\/www.delagemusic.fr\/instrument\/?post_type=product&#038;p=10418"},"modified":"2025-05-22T14:55:56","modified_gmt":"2025-05-22T12:55:56","slug":"boite-danches-l-vandoren-traditionnelles-25-l-clarinette-sib","status":"publish","type":"product","link":"https:\/\/www.delagemusic.fr\/instrument\/produit\/boite-danches-l-vandoren-traditionnelles-25-l-clarinette-sib\/","title":{"rendered":"Boite d&rsquo;anches l Vandoren Traditionnelles 2,5 l Clarinette Sib"},"content":{"rendered":"<div class=\"elementor-element elementor-element-48b313f elementor-widget elementor-widget-heading\" data-id=\"48b313f\" data-element_type=\"widget\" data-widget_type=\"heading.default\">\n<div class=\"elementor-widget-container\">\n<h3 class=\"elementor-heading-title elementor-size-default\">Ce sont les anches les plus jou\u00e9es dans le monde professionnel.<\/h3>\n<\/div>\n<\/div>\n<div class=\"elementor-element elementor-element-01c2a1b elementor-widget elementor-widget-theme-post-content\" data-id=\"01c2a1b\" data-element_type=\"widget\" data-widget_type=\"theme-post-content.default\">\n<div class=\"elementor-widget-container\">\n<p>Elles ont fait leur preuve depuis de tr\u00e8s nombreuses ann\u00e9es. Ces anches conviennent \u00e0 tous les styles de musique.<br \/>\nLeurs principales qualit\u00e9s acoustiques sont :<br \/>\n\u2022 une excellente r\u00e9ponse dans tous les registres, permettant m\u00eame l\u2019attaque pianissimo de notes suraigu\u00ebs ;<br \/>\n\u2022 la souplesse permettant l\u2019ex\u00e9cution de grands intervalles legato ou staccato ;<br \/>\n\u2022 une richesse de timbre qui donne mati\u00e8re et brillance au son.<\/p>\n<\/div>\n<\/div>\n","protected":false},"excerpt":{"rendered":"<div class=\"woocommerce-product-details__short-description\">\n<p>Boite de 10 anches Vandoren traditionnelles force 2.5<\/p>\n<\/div>\n<div class=\"quantity\"><\/div>\n","protected":false},"featured_media":10419,"template":"","meta":[],"product_brand":[],"product_cat":[72,87],"product_tag":[],"class_list":{"0":"post-10418","1":"product","2":"type-product","3":"status-publish","4":"has-post-thumbnail","6":"product_cat-anches","7":"product_cat-anches-clarinette-sib","9":"first","10":"instock","11":"taxable","12":"shipping-taxable","13":"purchasable","14":"product-type-simple"},"yoast_head":"<title>Boite d&#039;anches l Vandoren Traditionnelles 2,5 l Clarinette Sib - Delage Music<\/title>\n<meta name=\"robots\" content=\"index, follow, max-snippet:-1, max-image-preview:large, max-video-preview:-1\" \/>\n<link rel=\"canonical\" href=\"https:\/\/www.delagemusic.fr\/instrument\/produit\/boite-danches-l-vandoren-traditionnelles-25-l-clarinette-sib\/\" \/>\n<meta property=\"og:locale\" content=\"fr_FR\" \/>\n<meta property=\"og:type\" content=\"article\" \/>\n<meta property=\"og:title\" content=\"Boite d&#039;anches l Vandoren Traditionnelles 2,5 l Clarinette Sib - Delage Music\" \/>\n<meta property=\"og:description\" content=\"Boite de 10 anches Vandoren traditionnelles force 2.5\" \/>\n<meta property=\"og:url\" content=\"https:\/\/www.delagemusic.fr\/instrument\/produit\/boite-danches-l-vandoren-traditionnelles-25-l-clarinette-sib\/\" \/>\n<meta property=\"og:site_name\" content=\"Delage Music\" \/>\n<meta property=\"article:modified_time\" content=\"2025-05-22T12:55:56+00:00\" \/>\n<meta property=\"og:image\" content=\"https:\/\/www.delagemusic.fr\/instrument\/wp-content\/uploads\/2025\/05\/Clarinette-sib-anche.png\" \/>\n\t<meta property=\"og:image:width\" content=\"600\" \/>\n\t<meta property=\"og:image:height\" content=\"600\" \/>\n\t<meta property=\"og:image:type\" content=\"image\/png\" \/>\n<script type=\"application\/ld+json\" class=\"yoast-schema-graph\">{\"@context\":\"https:\\\/\\\/schema.org\",\"@graph\":[{\"@type\":\"WebPage\",\"@id\":\"https:\\\/\\\/www.delagemusic.fr\\\/instrument\\\/produit\\\/boite-danches-l-vandoren-traditionnelles-25-l-clarinette-sib\\\/\",\"url\":\"https:\\\/\\\/www.delagemusic.fr\\\/instrument\\\/produit\\\/boite-danches-l-vandoren-traditionnelles-25-l-clarinette-sib\\\/\",\"name\":\"Boite d'anches l Vandoren Traditionnelles 2,5 l Clarinette Sib - Delage Music\",\"isPartOf\":{\"@id\":\"https:\\\/\\\/www.delagemusic.fr\\\/instrument\\\/#website\"},\"primaryImageOfPage\":{\"@id\":\"https:\\\/\\\/www.delagemusic.fr\\\/instrument\\\/produit\\\/boite-danches-l-vandoren-traditionnelles-25-l-clarinette-sib\\\/#primaryimage\"},\"image\":{\"@id\":\"https:\\\/\\\/www.delagemusic.fr\\\/instrument\\\/produit\\\/boite-danches-l-vandoren-traditionnelles-25-l-clarinette-sib\\\/#primaryimage\"},\"thumbnailUrl\":\"https:\\\/\\\/www.delagemusic.fr\\\/instrument\\\/wp-content\\\/uploads\\\/2025\\\/05\\\/Clarinette-sib-anche.png\",\"datePublished\":\"2025-05-22T12:53:24+00:00\",\"dateModified\":\"2025-05-22T12:55:56+00:00\",\"breadcrumb\":{\"@id\":\"https:\\\/\\\/www.delagemusic.fr\\\/instrument\\\/produit\\\/boite-danches-l-vandoren-traditionnelles-25-l-clarinette-sib\\\/#breadcrumb\"},\"inLanguage\":\"fr-FR\",\"potentialAction\":[{\"@type\":\"ReadAction\",\"target\":[\"https:\\\/\\\/www.delagemusic.fr\\\/instrument\\\/produit\\\/boite-danches-l-vandoren-traditionnelles-25-l-clarinette-sib\\\/\"]}]},{\"@type\":\"ImageObject\",\"inLanguage\":\"fr-FR\",\"@id\":\"https:\\\/\\\/www.delagemusic.fr\\\/instrument\\\/produit\\\/boite-danches-l-vandoren-traditionnelles-25-l-clarinette-sib\\\/#primaryimage\",\"url\":\"https:\\\/\\\/www.delagemusic.fr\\\/instrument\\\/wp-content\\\/uploads\\\/2025\\\/05\\\/Clarinette-sib-anche.png\",\"contentUrl\":\"https:\\\/\\\/www.delagemusic.fr\\\/instrument\\\/wp-content\\\/uploads\\\/2025\\\/05\\\/Clarinette-sib-anche.png\",\"width\":600,\"height\":600,\"caption\":\"Delage Music clarinette sib anches vandoren traditionnelles\"},{\"@type\":\"BreadcrumbList\",\"@id\":\"https:\\\/\\\/www.delagemusic.fr\\\/instrument\\\/produit\\\/boite-danches-l-vandoren-traditionnelles-25-l-clarinette-sib\\\/#breadcrumb\",\"itemListElement\":[{\"@type\":\"ListItem\",\"position\":1,\"name\":\"Accueil\",\"item\":\"https:\\\/\\\/www.delagemusic.fr\\\/instrument\\\/\"},{\"@type\":\"ListItem\",\"position\":2,\"name\":\"Boutique\",\"item\":\"https:\\\/\\\/www.delagemusic.fr\\\/instrument\\\/shop\\\/\"},{\"@type\":\"ListItem\",\"position\":3,\"name\":\"Boite d&rsquo;anches l Vandoren Traditionnelles 2,5 l Clarinette Sib\"}]},{\"@type\":\"WebSite\",\"@id\":\"https:\\\/\\\/www.delagemusic.fr\\\/instrument\\\/#website\",\"url\":\"https:\\\/\\\/www.delagemusic.fr\\\/instrument\\\/\",\"name\":\"Delage Music\",\"description\":\"Instruments, musique et partitions\",\"publisher\":{\"@id\":\"https:\\\/\\\/www.delagemusic.fr\\\/instrument\\\/#organization\"},\"alternateName\":\"Delage Music\",\"potentialAction\":[{\"@type\":\"SearchAction\",\"target\":{\"@type\":\"EntryPoint\",\"urlTemplate\":\"https:\\\/\\\/www.delagemusic.fr\\\/instrument\\\/?s={search_term_string}\"},\"query-input\":{\"@type\":\"PropertyValueSpecification\",\"valueRequired\":true,\"valueName\":\"search_term_string\"}}],\"inLanguage\":\"fr-FR\"},{\"@type\":\"Organization\",\"@id\":\"https:\\\/\\\/www.delagemusic.fr\\\/instrument\\\/#organization\",\"name\":\"Delage Music\",\"alternateName\":\"Delage Music\",\"url\":\"https:\\\/\\\/www.delagemusic.fr\\\/instrument\\\/\",\"logo\":{\"@type\":\"ImageObject\",\"inLanguage\":\"fr-FR\",\"@id\":\"https:\\\/\\\/www.delagemusic.fr\\\/instrument\\\/#\\\/schema\\\/logo\\\/image\\\/\",\"url\":\"https:\\\/\\\/www.delagemusic.fr\\\/instrument\\\/wp-content\\\/uploads\\\/2025\\\/01\\\/delage_music_noir_logo_svg.svg\",\"contentUrl\":\"https:\\\/\\\/www.delagemusic.fr\\\/instrument\\\/wp-content\\\/uploads\\\/2025\\\/01\\\/delage_music_noir_logo_svg.svg\",\"width\":196,\"height\":133,\"caption\":\"Delage Music\"},\"image\":{\"@id\":\"https:\\\/\\\/www.delagemusic.fr\\\/instrument\\\/#\\\/schema\\\/logo\\\/image\\\/\"}}]}<\/script>","yoast_head_json":{"title":"Boite d'anches l Vandoren Traditionnelles 2,5 l Clarinette Sib - Delage Music","robots":{"index":"index","follow":"follow","max-snippet":"max-snippet:-1","max-image-preview":"max-image-preview:large","max-video-preview":"max-video-preview:-1"},"canonical":"https:\/\/www.delagemusic.fr\/instrument\/produit\/boite-danches-l-vandoren-traditionnelles-25-l-clarinette-sib\/","og_locale":"fr_FR","og_type":"article","og_title":"Boite d'anches l Vandoren Traditionnelles 2,5 l Clarinette Sib - Delage Music","og_description":"Boite de 10 anches Vandoren traditionnelles force 2.5","og_url":"https:\/\/www.delagemusic.fr\/instrument\/produit\/boite-danches-l-vandoren-traditionnelles-25-l-clarinette-sib\/","og_site_name":"Delage Music","article_modified_time":"2025-05-22T12:55:56+00:00","og_image":[{"width":600,"height":600,"url":"https:\/\/www.delagemusic.fr\/instrument\/wp-content\/uploads\/2025\/05\/Clarinette-sib-anche.png","type":"image\/png"}],"schema":{"@context":"https:\/\/schema.org","@graph":[{"@type":"WebPage","@id":"https:\/\/www.delagemusic.fr\/instrument\/produit\/boite-danches-l-vandoren-traditionnelles-25-l-clarinette-sib\/","url":"https:\/\/www.delagemusic.fr\/instrument\/produit\/boite-danches-l-vandoren-traditionnelles-25-l-clarinette-sib\/","name":"Boite d'anches l Vandoren Traditionnelles 2,5 l Clarinette Sib - Delage Music","isPartOf":{"@id":"https:\/\/www.delagemusic.fr\/instrument\/#website"},"primaryImageOfPage":{"@id":"https:\/\/www.delagemusic.fr\/instrument\/produit\/boite-danches-l-vandoren-traditionnelles-25-l-clarinette-sib\/#primaryimage"},"image":{"@id":"https:\/\/www.delagemusic.fr\/instrument\/produit\/boite-danches-l-vandoren-traditionnelles-25-l-clarinette-sib\/#primaryimage"},"thumbnailUrl":"https:\/\/www.delagemusic.fr\/instrument\/wp-content\/uploads\/2025\/05\/Clarinette-sib-anche.png","datePublished":"2025-05-22T12:53:24+00:00","dateModified":"2025-05-22T12:55:56+00:00","breadcrumb":{"@id":"https:\/\/www.delagemusic.fr\/instrument\/produit\/boite-danches-l-vandoren-traditionnelles-25-l-clarinette-sib\/#breadcrumb"},"inLanguage":"fr-FR","potentialAction":[{"@type":"ReadAction","target":["https:\/\/www.delagemusic.fr\/instrument\/produit\/boite-danches-l-vandoren-traditionnelles-25-l-clarinette-sib\/"]}]},{"@type":"ImageObject","inLanguage":"fr-FR","@id":"https:\/\/www.delagemusic.fr\/instrument\/produit\/boite-danches-l-vandoren-traditionnelles-25-l-clarinette-sib\/#primaryimage","url":"https:\/\/www.delagemusic.fr\/instrument\/wp-content\/uploads\/2025\/05\/Clarinette-sib-anche.png","contentUrl":"https:\/\/www.delagemusic.fr\/instrument\/wp-content\/uploads\/2025\/05\/Clarinette-sib-anche.png","width":600,"height":600,"caption":"Delage Music clarinette sib anches vandoren traditionnelles"},{"@type":"BreadcrumbList","@id":"https:\/\/www.delagemusic.fr\/instrument\/produit\/boite-danches-l-vandoren-traditionnelles-25-l-clarinette-sib\/#breadcrumb","itemListElement":[{"@type":"ListItem","position":1,"name":"Accueil","item":"https:\/\/www.delagemusic.fr\/instrument\/"},{"@type":"ListItem","position":2,"name":"Boutique","item":"https:\/\/www.delagemusic.fr\/instrument\/shop\/"},{"@type":"ListItem","position":3,"name":"Boite d&rsquo;anches l Vandoren Traditionnelles 2,5 l Clarinette Sib"}]},{"@type":"WebSite","@id":"https:\/\/www.delagemusic.fr\/instrument\/#website","url":"https:\/\/www.delagemusic.fr\/instrument\/","name":"Delage Music","description":"Instruments, musique et partitions","publisher":{"@id":"https:\/\/www.delagemusic.fr\/instrument\/#organization"},"alternateName":"Delage Music","potentialAction":[{"@type":"SearchAction","target":{"@type":"EntryPoint","urlTemplate":"https:\/\/www.delagemusic.fr\/instrument\/?s={search_term_string}"},"query-input":{"@type":"PropertyValueSpecification","valueRequired":true,"valueName":"search_term_string"}}],"inLanguage":"fr-FR"},{"@type":"Organization","@id":"https:\/\/www.delagemusic.fr\/instrument\/#organization","name":"Delage Music","alternateName":"Delage Music","url":"https:\/\/www.delagemusic.fr\/instrument\/","logo":{"@type":"ImageObject","inLanguage":"fr-FR","@id":"https:\/\/www.delagemusic.fr\/instrument\/#\/schema\/logo\/image\/","url":"https:\/\/www.delagemusic.fr\/instrument\/wp-content\/uploads\/2025\/01\/delage_music_noir_logo_svg.svg","contentUrl":"https:\/\/www.delagemusic.fr\/instrument\/wp-content\/uploads\/2025\/01\/delage_music_noir_logo_svg.svg","width":196,"height":133,"caption":"Delage Music"},"image":{"@id":"https:\/\/www.delagemusic.fr\/instrument\/#\/schema\/logo\/image\/"}}]}},"_links":{"self":[{"href":"https:\/\/www.delagemusic.fr\/instrument\/wp-json\/wp\/v2\/product\/10418","targetHints":{"allow":["GET"]}}],"collection":[{"href":"https:\/\/www.delagemusic.fr\/instrument\/wp-json\/wp\/v2\/product"}],"about":[{"href":"https:\/\/www.delagemusic.fr\/instrument\/wp-json\/wp\/v2\/types\/product"}],"wp:featuredmedia":[{"embeddable":true,"href":"https:\/\/www.delagemusic.fr\/instrument\/wp-json\/wp\/v2\/media\/10419"}],"wp:attachment":[{"href":"https:\/\/www.delagemusic.fr\/instrument\/wp-json\/wp\/v2\/media?parent=10418"}],"wp:term":[{"taxonomy":"product_brand","embeddable":true,"href":"https:\/\/www.delagemusic.fr\/instrument\/wp-json\/wp\/v2\/product_brand?post=10418"},{"taxonomy":"product_cat","embeddable":true,"href":"https:\/\/www.delagemusic.fr\/instrument\/wp-json\/wp\/v2\/product_cat?post=10418"},{"taxonomy":"product_tag","embeddable":true,"href":"https:\/\/www.delagemusic.fr\/instrument\/wp-json\/wp\/v2\/product_tag?post=10418"}],"curies":[{"name":"wp","href":"https:\/\/api.w.org\/{rel}","templated":true}]}}