{"id":10456,"date":"2025-05-23T10:56:00","date_gmt":"2025-05-23T08:56:00","guid":{"rendered":"https:\/\/www.delagemusic.fr\/instrument\/?post_type=product&#038;p=10456"},"modified":"2025-05-23T10:56:53","modified_gmt":"2025-05-23T08:56:53","slug":"ligature-bambu-nova-l-saxophone-alto-l-bleu-electrique","status":"publish","type":"product","link":"https:\/\/www.delagemusic.fr\/instrument\/produit\/ligature-bambu-nova-l-saxophone-alto-l-bleu-electrique\/","title":{"rendered":"Ligature Bambu Nova  l Saxophone Alto l Bleu \u00e9lectrique"},"content":{"rendered":"<p>\u00ab\u00a0NOVA\u00a0\u00bb est une ligature qui combine un cordon tress\u00e9 avec un r\u00e9glage par vis et une plaque de pression m\u00e9tallique amovible.<br \/>\nSon syst\u00e8me de tressage fait vibrer l&rsquo;anche d&rsquo;une fa\u00e7on unique. La plaque de pression sur l&rsquo;anche permet de varier les sonorit\u00e9s. Le syst\u00e8me de r\u00e9glage innovant offre un large \u00e9ventail de possibilit\u00e9s de tensions qui aident \u00e0 contr\u00f4ler tr\u00e8s pr\u00e9cis\u00e9ment l&rsquo;\u00e9nergie vibratoire de l&rsquo;anche. Soulignons le pas de vis qui est d&rsquo;une tr\u00e8s grande qualit\u00e9.<\/p>\n","protected":false},"excerpt":{"rendered":"<p>Ligature \u00ab\u00a0Nova\u00a0\u00bb pour saxophone alto de couleur bleu \u00e9lectrique.<\/p>\n","protected":false},"featured_media":10453,"template":"","meta":[],"product_brand":[120],"product_cat":[73,91],"product_tag":[],"class_list":{"0":"post-10456","1":"product","2":"type-product","3":"status-publish","4":"has-post-thumbnail","6":"product_brand-bambu","7":"product_cat-ligatures","8":"product_cat-saxophone-alto","10":"first","11":"instock","12":"taxable","13":"shipping-taxable","14":"purchasable","15":"product-type-simple"},"yoast_head":"<title>Ligature Bambu Nova l Saxophone Alto l Bleu \u00e9lectrique - Delage Music<\/title>\n<meta name=\"robots\" content=\"index, follow, max-snippet:-1, max-image-preview:large, max-video-preview:-1\" \/>\n<link rel=\"canonical\" href=\"https:\/\/www.delagemusic.fr\/instrument\/produit\/ligature-bambu-nova-l-saxophone-alto-l-bleu-electrique\/\" \/>\n<meta property=\"og:locale\" content=\"fr_FR\" \/>\n<meta property=\"og:type\" content=\"article\" \/>\n<meta property=\"og:title\" content=\"Ligature Bambu Nova l Saxophone Alto l Bleu \u00e9lectrique - Delage Music\" \/>\n<meta property=\"og:description\" content=\"Ligature &quot;Nova&quot; pour saxophone alto de couleur bleu \u00e9lectrique.\" \/>\n<meta property=\"og:url\" content=\"https:\/\/www.delagemusic.fr\/instrument\/produit\/ligature-bambu-nova-l-saxophone-alto-l-bleu-electrique\/\" \/>\n<meta property=\"og:site_name\" content=\"Delage Music\" \/>\n<meta property=\"article:modified_time\" content=\"2025-05-23T08:56:53+00:00\" \/>\n<meta property=\"og:image\" content=\"https:\/\/www.delagemusic.fr\/instrument\/wp-content\/uploads\/2025\/05\/Bambu-nova-bleu-electrique.png\" \/>\n\t<meta property=\"og:image:width\" content=\"600\" \/>\n\t<meta property=\"og:image:height\" content=\"600\" \/>\n\t<meta property=\"og:image:type\" content=\"image\/png\" \/>\n<script type=\"application\/ld+json\" class=\"yoast-schema-graph\">{\"@context\":\"https:\\\/\\\/schema.org\",\"@graph\":[{\"@type\":\"WebPage\",\"@id\":\"https:\\\/\\\/www.delagemusic.fr\\\/instrument\\\/produit\\\/ligature-bambu-nova-l-saxophone-alto-l-bleu-electrique\\\/\",\"url\":\"https:\\\/\\\/www.delagemusic.fr\\\/instrument\\\/produit\\\/ligature-bambu-nova-l-saxophone-alto-l-bleu-electrique\\\/\",\"name\":\"Ligature Bambu Nova l Saxophone Alto l Bleu \u00e9lectrique - Delage Music\",\"isPartOf\":{\"@id\":\"https:\\\/\\\/www.delagemusic.fr\\\/instrument\\\/#website\"},\"primaryImageOfPage\":{\"@id\":\"https:\\\/\\\/www.delagemusic.fr\\\/instrument\\\/produit\\\/ligature-bambu-nova-l-saxophone-alto-l-bleu-electrique\\\/#primaryimage\"},\"image\":{\"@id\":\"https:\\\/\\\/www.delagemusic.fr\\\/instrument\\\/produit\\\/ligature-bambu-nova-l-saxophone-alto-l-bleu-electrique\\\/#primaryimage\"},\"thumbnailUrl\":\"https:\\\/\\\/www.delagemusic.fr\\\/instrument\\\/wp-content\\\/uploads\\\/2025\\\/05\\\/Bambu-nova-bleu-electrique.png\",\"datePublished\":\"2025-05-23T08:56:00+00:00\",\"dateModified\":\"2025-05-23T08:56:53+00:00\",\"breadcrumb\":{\"@id\":\"https:\\\/\\\/www.delagemusic.fr\\\/instrument\\\/produit\\\/ligature-bambu-nova-l-saxophone-alto-l-bleu-electrique\\\/#breadcrumb\"},\"inLanguage\":\"fr-FR\",\"potentialAction\":[{\"@type\":\"ReadAction\",\"target\":[\"https:\\\/\\\/www.delagemusic.fr\\\/instrument\\\/produit\\\/ligature-bambu-nova-l-saxophone-alto-l-bleu-electrique\\\/\"]}]},{\"@type\":\"ImageObject\",\"inLanguage\":\"fr-FR\",\"@id\":\"https:\\\/\\\/www.delagemusic.fr\\\/instrument\\\/produit\\\/ligature-bambu-nova-l-saxophone-alto-l-bleu-electrique\\\/#primaryimage\",\"url\":\"https:\\\/\\\/www.delagemusic.fr\\\/instrument\\\/wp-content\\\/uploads\\\/2025\\\/05\\\/Bambu-nova-bleu-electrique.png\",\"contentUrl\":\"https:\\\/\\\/www.delagemusic.fr\\\/instrument\\\/wp-content\\\/uploads\\\/2025\\\/05\\\/Bambu-nova-bleu-electrique.png\",\"width\":600,\"height\":600,\"caption\":\"Delage Music bambu nova bleu electrique saxophone alto\"},{\"@type\":\"BreadcrumbList\",\"@id\":\"https:\\\/\\\/www.delagemusic.fr\\\/instrument\\\/produit\\\/ligature-bambu-nova-l-saxophone-alto-l-bleu-electrique\\\/#breadcrumb\",\"itemListElement\":[{\"@type\":\"ListItem\",\"position\":1,\"name\":\"Accueil\",\"item\":\"https:\\\/\\\/www.delagemusic.fr\\\/instrument\\\/\"},{\"@type\":\"ListItem\",\"position\":2,\"name\":\"Boutique\",\"item\":\"https:\\\/\\\/www.delagemusic.fr\\\/instrument\\\/shop\\\/\"},{\"@type\":\"ListItem\",\"position\":3,\"name\":\"Ligature Bambu Nova l Saxophone Alto l Bleu \u00e9lectrique\"}]},{\"@type\":\"WebSite\",\"@id\":\"https:\\\/\\\/www.delagemusic.fr\\\/instrument\\\/#website\",\"url\":\"https:\\\/\\\/www.delagemusic.fr\\\/instrument\\\/\",\"name\":\"Delage Music\",\"description\":\"Instruments, musique et partitions\",\"publisher\":{\"@id\":\"https:\\\/\\\/www.delagemusic.fr\\\/instrument\\\/#organization\"},\"alternateName\":\"Delage Music\",\"potentialAction\":[{\"@type\":\"SearchAction\",\"target\":{\"@type\":\"EntryPoint\",\"urlTemplate\":\"https:\\\/\\\/www.delagemusic.fr\\\/instrument\\\/?s={search_term_string}\"},\"query-input\":{\"@type\":\"PropertyValueSpecification\",\"valueRequired\":true,\"valueName\":\"search_term_string\"}}],\"inLanguage\":\"fr-FR\"},{\"@type\":\"Organization\",\"@id\":\"https:\\\/\\\/www.delagemusic.fr\\\/instrument\\\/#organization\",\"name\":\"Delage Music\",\"alternateName\":\"Delage Music\",\"url\":\"https:\\\/\\\/www.delagemusic.fr\\\/instrument\\\/\",\"logo\":{\"@type\":\"ImageObject\",\"inLanguage\":\"fr-FR\",\"@id\":\"https:\\\/\\\/www.delagemusic.fr\\\/instrument\\\/#\\\/schema\\\/logo\\\/image\\\/\",\"url\":\"https:\\\/\\\/www.delagemusic.fr\\\/instrument\\\/wp-content\\\/uploads\\\/2025\\\/01\\\/delage_music_noir_logo_svg.svg\",\"contentUrl\":\"https:\\\/\\\/www.delagemusic.fr\\\/instrument\\\/wp-content\\\/uploads\\\/2025\\\/01\\\/delage_music_noir_logo_svg.svg\",\"width\":196,\"height\":133,\"caption\":\"Delage Music\"},\"image\":{\"@id\":\"https:\\\/\\\/www.delagemusic.fr\\\/instrument\\\/#\\\/schema\\\/logo\\\/image\\\/\"}}]}<\/script>","yoast_head_json":{"title":"Ligature Bambu Nova l Saxophone Alto l Bleu \u00e9lectrique - Delage Music","robots":{"index":"index","follow":"follow","max-snippet":"max-snippet:-1","max-image-preview":"max-image-preview:large","max-video-preview":"max-video-preview:-1"},"canonical":"https:\/\/www.delagemusic.fr\/instrument\/produit\/ligature-bambu-nova-l-saxophone-alto-l-bleu-electrique\/","og_locale":"fr_FR","og_type":"article","og_title":"Ligature Bambu Nova l Saxophone Alto l Bleu \u00e9lectrique - Delage Music","og_description":"Ligature \"Nova\" pour saxophone alto de couleur bleu \u00e9lectrique.","og_url":"https:\/\/www.delagemusic.fr\/instrument\/produit\/ligature-bambu-nova-l-saxophone-alto-l-bleu-electrique\/","og_site_name":"Delage Music","article_modified_time":"2025-05-23T08:56:53+00:00","og_image":[{"width":600,"height":600,"url":"https:\/\/www.delagemusic.fr\/instrument\/wp-content\/uploads\/2025\/05\/Bambu-nova-bleu-electrique.png","type":"image\/png"}],"schema":{"@context":"https:\/\/schema.org","@graph":[{"@type":"WebPage","@id":"https:\/\/www.delagemusic.fr\/instrument\/produit\/ligature-bambu-nova-l-saxophone-alto-l-bleu-electrique\/","url":"https:\/\/www.delagemusic.fr\/instrument\/produit\/ligature-bambu-nova-l-saxophone-alto-l-bleu-electrique\/","name":"Ligature Bambu Nova l Saxophone Alto l Bleu \u00e9lectrique - Delage Music","isPartOf":{"@id":"https:\/\/www.delagemusic.fr\/instrument\/#website"},"primaryImageOfPage":{"@id":"https:\/\/www.delagemusic.fr\/instrument\/produit\/ligature-bambu-nova-l-saxophone-alto-l-bleu-electrique\/#primaryimage"},"image":{"@id":"https:\/\/www.delagemusic.fr\/instrument\/produit\/ligature-bambu-nova-l-saxophone-alto-l-bleu-electrique\/#primaryimage"},"thumbnailUrl":"https:\/\/www.delagemusic.fr\/instrument\/wp-content\/uploads\/2025\/05\/Bambu-nova-bleu-electrique.png","datePublished":"2025-05-23T08:56:00+00:00","dateModified":"2025-05-23T08:56:53+00:00","breadcrumb":{"@id":"https:\/\/www.delagemusic.fr\/instrument\/produit\/ligature-bambu-nova-l-saxophone-alto-l-bleu-electrique\/#breadcrumb"},"inLanguage":"fr-FR","potentialAction":[{"@type":"ReadAction","target":["https:\/\/www.delagemusic.fr\/instrument\/produit\/ligature-bambu-nova-l-saxophone-alto-l-bleu-electrique\/"]}]},{"@type":"ImageObject","inLanguage":"fr-FR","@id":"https:\/\/www.delagemusic.fr\/instrument\/produit\/ligature-bambu-nova-l-saxophone-alto-l-bleu-electrique\/#primaryimage","url":"https:\/\/www.delagemusic.fr\/instrument\/wp-content\/uploads\/2025\/05\/Bambu-nova-bleu-electrique.png","contentUrl":"https:\/\/www.delagemusic.fr\/instrument\/wp-content\/uploads\/2025\/05\/Bambu-nova-bleu-electrique.png","width":600,"height":600,"caption":"Delage Music bambu nova bleu electrique saxophone alto"},{"@type":"BreadcrumbList","@id":"https:\/\/www.delagemusic.fr\/instrument\/produit\/ligature-bambu-nova-l-saxophone-alto-l-bleu-electrique\/#breadcrumb","itemListElement":[{"@type":"ListItem","position":1,"name":"Accueil","item":"https:\/\/www.delagemusic.fr\/instrument\/"},{"@type":"ListItem","position":2,"name":"Boutique","item":"https:\/\/www.delagemusic.fr\/instrument\/shop\/"},{"@type":"ListItem","position":3,"name":"Ligature Bambu Nova l Saxophone Alto l Bleu \u00e9lectrique"}]},{"@type":"WebSite","@id":"https:\/\/www.delagemusic.fr\/instrument\/#website","url":"https:\/\/www.delagemusic.fr\/instrument\/","name":"Delage Music","description":"Instruments, musique et partitions","publisher":{"@id":"https:\/\/www.delagemusic.fr\/instrument\/#organization"},"alternateName":"Delage Music","potentialAction":[{"@type":"SearchAction","target":{"@type":"EntryPoint","urlTemplate":"https:\/\/www.delagemusic.fr\/instrument\/?s={search_term_string}"},"query-input":{"@type":"PropertyValueSpecification","valueRequired":true,"valueName":"search_term_string"}}],"inLanguage":"fr-FR"},{"@type":"Organization","@id":"https:\/\/www.delagemusic.fr\/instrument\/#organization","name":"Delage Music","alternateName":"Delage Music","url":"https:\/\/www.delagemusic.fr\/instrument\/","logo":{"@type":"ImageObject","inLanguage":"fr-FR","@id":"https:\/\/www.delagemusic.fr\/instrument\/#\/schema\/logo\/image\/","url":"https:\/\/www.delagemusic.fr\/instrument\/wp-content\/uploads\/2025\/01\/delage_music_noir_logo_svg.svg","contentUrl":"https:\/\/www.delagemusic.fr\/instrument\/wp-content\/uploads\/2025\/01\/delage_music_noir_logo_svg.svg","width":196,"height":133,"caption":"Delage Music"},"image":{"@id":"https:\/\/www.delagemusic.fr\/instrument\/#\/schema\/logo\/image\/"}}]}},"_links":{"self":[{"href":"https:\/\/www.delagemusic.fr\/instrument\/wp-json\/wp\/v2\/product\/10456","targetHints":{"allow":["GET"]}}],"collection":[{"href":"https:\/\/www.delagemusic.fr\/instrument\/wp-json\/wp\/v2\/product"}],"about":[{"href":"https:\/\/www.delagemusic.fr\/instrument\/wp-json\/wp\/v2\/types\/product"}],"wp:featuredmedia":[{"embeddable":true,"href":"https:\/\/www.delagemusic.fr\/instrument\/wp-json\/wp\/v2\/media\/10453"}],"wp:attachment":[{"href":"https:\/\/www.delagemusic.fr\/instrument\/wp-json\/wp\/v2\/media?parent=10456"}],"wp:term":[{"taxonomy":"product_brand","embeddable":true,"href":"https:\/\/www.delagemusic.fr\/instrument\/wp-json\/wp\/v2\/product_brand?post=10456"},{"taxonomy":"product_cat","embeddable":true,"href":"https:\/\/www.delagemusic.fr\/instrument\/wp-json\/wp\/v2\/product_cat?post=10456"},{"taxonomy":"product_tag","embeddable":true,"href":"https:\/\/www.delagemusic.fr\/instrument\/wp-json\/wp\/v2\/product_tag?post=10456"}],"curies":[{"name":"wp","href":"https:\/\/api.w.org\/{rel}","templated":true}]}}