{"id":10464,"date":"2025-06-05T16:40:11","date_gmt":"2025-06-05T14:40:11","guid":{"rendered":"https:\/\/www.delagemusic.fr\/instrument\/?post_type=product&#038;p=10464"},"modified":"2025-06-05T16:40:11","modified_gmt":"2025-06-05T14:40:11","slug":"saxholder-pro-jazzlab-taille-m","status":"publish","type":"product","link":"https:\/\/www.delagemusic.fr\/instrument\/produit\/saxholder-pro-jazzlab-taille-m\/","title":{"rendered":"Saxholder pro &#8211; Jazzlab &#8211; Taille M"},"content":{"rendered":"<p>Le saxholder a de nombreux atouts :<\/p>\n<ul>\n<li>Transf\u00e8re le poids du saxo uniform\u00e9ment sur les deux \u00e9paules, sans stress sur le cou<\/li>\n<li>Peut \u00eatre mis d&rsquo;une seule main en quelques secondes<\/li>\n<li>Peu encombrant : plus petit qu&rsquo;une feuille de papier A4 lorsqu&rsquo;il est pli\u00e9<\/li>\n<li>Tr\u00e8s confortable en position assise ou debout car il ne glisse pas<\/li>\n<li>Belle allure, sp\u00e9cialement con\u00e7u pour les artistes masculins et f\u00e9minins<\/li>\n<li>Produit high-tech qui utilise les mat\u00e9riaux de l&rsquo;a\u00e9ronautique et de la navigation spatiale : construit en kevlar\u00ae et aluminium avional<\/li>\n<li>Crochet en acier inoxydable et r<span class=\"fx-text fx-text--plus list-item__text\">ev\u00eatement en plastique pour une r\u00e9sistance optimale<\/span><\/li>\n<\/ul>\n<p>Pour l&rsquo;utiliser, rien de plus simple :\u00a0d\u00e9plier les deux \u00e9paulettes vers le haut, extraire le bras t\u00e9lescopique, faire pivoter l&rsquo;appui ventral&#8230; jouer !<\/p>\n<h4>Caract\u00e9ristiques techniques :<\/h4>\n<ul>\n<li>Instruments : saxophone\u00a0<span class=\"fx-text fx-text--plus list-item__text\">soprano, alto, t\u00e9nor et baryton<\/span><\/li>\n<li>Taille : M, pour les enfants \u00e0 partir de 12 ans et pour les adultes (moins de 100 kg \/ moins d&rsquo;1m90)<\/li>\n<li>Brevet d\u00e9pos\u00e9 dans le monde entier<\/li>\n<li>Con\u00e7u en Suisse et produit dans l&rsquo;Union Europ\u00e9enne<\/li>\n<li><span class=\"fx-text fx-text--plus list-item__text\">Poids: 180g<\/span><\/li>\n<\/ul>\n","protected":false},"excerpt":{"rendered":"<p><strong>JAZZLAB &#8211; Cordon pour saxophone(s)<\/strong><\/p>\n<p>Le cordon conventionnel pour le saxophone sollicite fortement les vert\u00e8bres cervicales. Avec le temps, nombreux sont les musiciens qui accusent des douleurs chroniques et m\u00eame des affections cervicales. Saxholder est un syst\u00e8me brevet\u00e9 qui utilise l&rsquo;appui en trois points : tout le poids du saxophone est transf\u00e9r\u00e9 sur les deux poign\u00e9es d&rsquo;\u00e9paule rembourr\u00e9es avec l&rsquo;aide du repose-abdominal.<\/p>\n","protected":false},"featured_media":10466,"template":"","meta":[],"product_brand":[],"product_cat":[74,97],"product_tag":[],"class_list":{"0":"post-10464","1":"product","2":"type-product","3":"status-publish","4":"has-post-thumbnail","6":"product_cat-accessoires","7":"product_cat-cordons-harnais","9":"first","10":"instock","11":"taxable","12":"shipping-taxable","13":"purchasable","14":"product-type-simple"},"yoast_head":"<title>Saxholder pro - Jazzlab - Taille M - Delage Music<\/title>\n<meta name=\"robots\" content=\"index, follow, max-snippet:-1, max-image-preview:large, max-video-preview:-1\" \/>\n<link rel=\"canonical\" href=\"https:\/\/www.delagemusic.fr\/instrument\/produit\/saxholder-pro-jazzlab-taille-m\/\" \/>\n<meta property=\"og:locale\" content=\"fr_FR\" \/>\n<meta property=\"og:type\" content=\"article\" \/>\n<meta property=\"og:title\" content=\"Saxholder pro - Jazzlab - Taille M - Delage Music\" \/>\n<meta property=\"og:description\" content=\"JAZZLAB - Cordon pour saxophone(s)  Le cordon conventionnel pour le saxophone sollicite fortement les vert\u00e8bres cervicales. Avec le temps, nombreux sont les musiciens qui accusent des douleurs chroniques et m\u00eame des affections cervicales. Saxholder est un syst\u00e8me brevet\u00e9 qui utilise l&#039;appui en trois points : tout le poids du saxophone est transf\u00e9r\u00e9 sur les deux poign\u00e9es d&#039;\u00e9paule rembourr\u00e9es avec l&#039;aide du repose-abdominal.\" \/>\n<meta property=\"og:url\" content=\"https:\/\/www.delagemusic.fr\/instrument\/produit\/saxholder-pro-jazzlab-taille-m\/\" \/>\n<meta property=\"og:site_name\" content=\"Delage Music\" \/>\n<meta property=\"og:image\" content=\"https:\/\/www.delagemusic.fr\/instrument\/wp-content\/uploads\/2025\/06\/Saxholder-1.png\" \/>\n\t<meta property=\"og:image:width\" content=\"600\" \/>\n\t<meta property=\"og:image:height\" content=\"600\" \/>\n\t<meta property=\"og:image:type\" content=\"image\/png\" \/>\n<script type=\"application\/ld+json\" class=\"yoast-schema-graph\">{\"@context\":\"https:\\\/\\\/schema.org\",\"@graph\":[{\"@type\":\"WebPage\",\"@id\":\"https:\\\/\\\/www.delagemusic.fr\\\/instrument\\\/produit\\\/saxholder-pro-jazzlab-taille-m\\\/\",\"url\":\"https:\\\/\\\/www.delagemusic.fr\\\/instrument\\\/produit\\\/saxholder-pro-jazzlab-taille-m\\\/\",\"name\":\"Saxholder pro - Jazzlab - Taille M - Delage Music\",\"isPartOf\":{\"@id\":\"https:\\\/\\\/www.delagemusic.fr\\\/instrument\\\/#website\"},\"primaryImageOfPage\":{\"@id\":\"https:\\\/\\\/www.delagemusic.fr\\\/instrument\\\/produit\\\/saxholder-pro-jazzlab-taille-m\\\/#primaryimage\"},\"image\":{\"@id\":\"https:\\\/\\\/www.delagemusic.fr\\\/instrument\\\/produit\\\/saxholder-pro-jazzlab-taille-m\\\/#primaryimage\"},\"thumbnailUrl\":\"https:\\\/\\\/www.delagemusic.fr\\\/instrument\\\/wp-content\\\/uploads\\\/2025\\\/06\\\/Saxholder-1.png\",\"datePublished\":\"2025-06-05T14:40:11+00:00\",\"breadcrumb\":{\"@id\":\"https:\\\/\\\/www.delagemusic.fr\\\/instrument\\\/produit\\\/saxholder-pro-jazzlab-taille-m\\\/#breadcrumb\"},\"inLanguage\":\"fr-FR\",\"potentialAction\":[{\"@type\":\"ReadAction\",\"target\":[\"https:\\\/\\\/www.delagemusic.fr\\\/instrument\\\/produit\\\/saxholder-pro-jazzlab-taille-m\\\/\"]}]},{\"@type\":\"ImageObject\",\"inLanguage\":\"fr-FR\",\"@id\":\"https:\\\/\\\/www.delagemusic.fr\\\/instrument\\\/produit\\\/saxholder-pro-jazzlab-taille-m\\\/#primaryimage\",\"url\":\"https:\\\/\\\/www.delagemusic.fr\\\/instrument\\\/wp-content\\\/uploads\\\/2025\\\/06\\\/Saxholder-1.png\",\"contentUrl\":\"https:\\\/\\\/www.delagemusic.fr\\\/instrument\\\/wp-content\\\/uploads\\\/2025\\\/06\\\/Saxholder-1.png\",\"width\":600,\"height\":600,\"caption\":\"Delage Music saxholder pro Jazzlab\"},{\"@type\":\"BreadcrumbList\",\"@id\":\"https:\\\/\\\/www.delagemusic.fr\\\/instrument\\\/produit\\\/saxholder-pro-jazzlab-taille-m\\\/#breadcrumb\",\"itemListElement\":[{\"@type\":\"ListItem\",\"position\":1,\"name\":\"Accueil\",\"item\":\"https:\\\/\\\/www.delagemusic.fr\\\/instrument\\\/\"},{\"@type\":\"ListItem\",\"position\":2,\"name\":\"Boutique\",\"item\":\"https:\\\/\\\/www.delagemusic.fr\\\/instrument\\\/shop\\\/\"},{\"@type\":\"ListItem\",\"position\":3,\"name\":\"Saxholder pro &#8211; Jazzlab &#8211; Taille M\"}]},{\"@type\":\"WebSite\",\"@id\":\"https:\\\/\\\/www.delagemusic.fr\\\/instrument\\\/#website\",\"url\":\"https:\\\/\\\/www.delagemusic.fr\\\/instrument\\\/\",\"name\":\"Delage Music\",\"description\":\"Instruments, musique et partitions\",\"publisher\":{\"@id\":\"https:\\\/\\\/www.delagemusic.fr\\\/instrument\\\/#organization\"},\"alternateName\":\"Delage Music\",\"potentialAction\":[{\"@type\":\"SearchAction\",\"target\":{\"@type\":\"EntryPoint\",\"urlTemplate\":\"https:\\\/\\\/www.delagemusic.fr\\\/instrument\\\/?s={search_term_string}\"},\"query-input\":{\"@type\":\"PropertyValueSpecification\",\"valueRequired\":true,\"valueName\":\"search_term_string\"}}],\"inLanguage\":\"fr-FR\"},{\"@type\":\"Organization\",\"@id\":\"https:\\\/\\\/www.delagemusic.fr\\\/instrument\\\/#organization\",\"name\":\"Delage Music\",\"alternateName\":\"Delage Music\",\"url\":\"https:\\\/\\\/www.delagemusic.fr\\\/instrument\\\/\",\"logo\":{\"@type\":\"ImageObject\",\"inLanguage\":\"fr-FR\",\"@id\":\"https:\\\/\\\/www.delagemusic.fr\\\/instrument\\\/#\\\/schema\\\/logo\\\/image\\\/\",\"url\":\"https:\\\/\\\/www.delagemusic.fr\\\/instrument\\\/wp-content\\\/uploads\\\/2025\\\/01\\\/delage_music_noir_logo_svg.svg\",\"contentUrl\":\"https:\\\/\\\/www.delagemusic.fr\\\/instrument\\\/wp-content\\\/uploads\\\/2025\\\/01\\\/delage_music_noir_logo_svg.svg\",\"width\":196,\"height\":133,\"caption\":\"Delage Music\"},\"image\":{\"@id\":\"https:\\\/\\\/www.delagemusic.fr\\\/instrument\\\/#\\\/schema\\\/logo\\\/image\\\/\"}}]}<\/script>","yoast_head_json":{"title":"Saxholder pro - Jazzlab - Taille M - Delage Music","robots":{"index":"index","follow":"follow","max-snippet":"max-snippet:-1","max-image-preview":"max-image-preview:large","max-video-preview":"max-video-preview:-1"},"canonical":"https:\/\/www.delagemusic.fr\/instrument\/produit\/saxholder-pro-jazzlab-taille-m\/","og_locale":"fr_FR","og_type":"article","og_title":"Saxholder pro - Jazzlab - Taille M - Delage Music","og_description":"JAZZLAB - Cordon pour saxophone(s)  Le cordon conventionnel pour le saxophone sollicite fortement les vert\u00e8bres cervicales. Avec le temps, nombreux sont les musiciens qui accusent des douleurs chroniques et m\u00eame des affections cervicales. Saxholder est un syst\u00e8me brevet\u00e9 qui utilise l'appui en trois points : tout le poids du saxophone est transf\u00e9r\u00e9 sur les deux poign\u00e9es d'\u00e9paule rembourr\u00e9es avec l'aide du repose-abdominal.","og_url":"https:\/\/www.delagemusic.fr\/instrument\/produit\/saxholder-pro-jazzlab-taille-m\/","og_site_name":"Delage Music","og_image":[{"width":600,"height":600,"url":"https:\/\/www.delagemusic.fr\/instrument\/wp-content\/uploads\/2025\/06\/Saxholder-1.png","type":"image\/png"}],"schema":{"@context":"https:\/\/schema.org","@graph":[{"@type":"WebPage","@id":"https:\/\/www.delagemusic.fr\/instrument\/produit\/saxholder-pro-jazzlab-taille-m\/","url":"https:\/\/www.delagemusic.fr\/instrument\/produit\/saxholder-pro-jazzlab-taille-m\/","name":"Saxholder pro - Jazzlab - Taille M - Delage Music","isPartOf":{"@id":"https:\/\/www.delagemusic.fr\/instrument\/#website"},"primaryImageOfPage":{"@id":"https:\/\/www.delagemusic.fr\/instrument\/produit\/saxholder-pro-jazzlab-taille-m\/#primaryimage"},"image":{"@id":"https:\/\/www.delagemusic.fr\/instrument\/produit\/saxholder-pro-jazzlab-taille-m\/#primaryimage"},"thumbnailUrl":"https:\/\/www.delagemusic.fr\/instrument\/wp-content\/uploads\/2025\/06\/Saxholder-1.png","datePublished":"2025-06-05T14:40:11+00:00","breadcrumb":{"@id":"https:\/\/www.delagemusic.fr\/instrument\/produit\/saxholder-pro-jazzlab-taille-m\/#breadcrumb"},"inLanguage":"fr-FR","potentialAction":[{"@type":"ReadAction","target":["https:\/\/www.delagemusic.fr\/instrument\/produit\/saxholder-pro-jazzlab-taille-m\/"]}]},{"@type":"ImageObject","inLanguage":"fr-FR","@id":"https:\/\/www.delagemusic.fr\/instrument\/produit\/saxholder-pro-jazzlab-taille-m\/#primaryimage","url":"https:\/\/www.delagemusic.fr\/instrument\/wp-content\/uploads\/2025\/06\/Saxholder-1.png","contentUrl":"https:\/\/www.delagemusic.fr\/instrument\/wp-content\/uploads\/2025\/06\/Saxholder-1.png","width":600,"height":600,"caption":"Delage Music saxholder pro Jazzlab"},{"@type":"BreadcrumbList","@id":"https:\/\/www.delagemusic.fr\/instrument\/produit\/saxholder-pro-jazzlab-taille-m\/#breadcrumb","itemListElement":[{"@type":"ListItem","position":1,"name":"Accueil","item":"https:\/\/www.delagemusic.fr\/instrument\/"},{"@type":"ListItem","position":2,"name":"Boutique","item":"https:\/\/www.delagemusic.fr\/instrument\/shop\/"},{"@type":"ListItem","position":3,"name":"Saxholder pro &#8211; Jazzlab &#8211; Taille M"}]},{"@type":"WebSite","@id":"https:\/\/www.delagemusic.fr\/instrument\/#website","url":"https:\/\/www.delagemusic.fr\/instrument\/","name":"Delage Music","description":"Instruments, musique et partitions","publisher":{"@id":"https:\/\/www.delagemusic.fr\/instrument\/#organization"},"alternateName":"Delage Music","potentialAction":[{"@type":"SearchAction","target":{"@type":"EntryPoint","urlTemplate":"https:\/\/www.delagemusic.fr\/instrument\/?s={search_term_string}"},"query-input":{"@type":"PropertyValueSpecification","valueRequired":true,"valueName":"search_term_string"}}],"inLanguage":"fr-FR"},{"@type":"Organization","@id":"https:\/\/www.delagemusic.fr\/instrument\/#organization","name":"Delage Music","alternateName":"Delage Music","url":"https:\/\/www.delagemusic.fr\/instrument\/","logo":{"@type":"ImageObject","inLanguage":"fr-FR","@id":"https:\/\/www.delagemusic.fr\/instrument\/#\/schema\/logo\/image\/","url":"https:\/\/www.delagemusic.fr\/instrument\/wp-content\/uploads\/2025\/01\/delage_music_noir_logo_svg.svg","contentUrl":"https:\/\/www.delagemusic.fr\/instrument\/wp-content\/uploads\/2025\/01\/delage_music_noir_logo_svg.svg","width":196,"height":133,"caption":"Delage Music"},"image":{"@id":"https:\/\/www.delagemusic.fr\/instrument\/#\/schema\/logo\/image\/"}}]}},"_links":{"self":[{"href":"https:\/\/www.delagemusic.fr\/instrument\/wp-json\/wp\/v2\/product\/10464","targetHints":{"allow":["GET"]}}],"collection":[{"href":"https:\/\/www.delagemusic.fr\/instrument\/wp-json\/wp\/v2\/product"}],"about":[{"href":"https:\/\/www.delagemusic.fr\/instrument\/wp-json\/wp\/v2\/types\/product"}],"wp:featuredmedia":[{"embeddable":true,"href":"https:\/\/www.delagemusic.fr\/instrument\/wp-json\/wp\/v2\/media\/10466"}],"wp:attachment":[{"href":"https:\/\/www.delagemusic.fr\/instrument\/wp-json\/wp\/v2\/media?parent=10464"}],"wp:term":[{"taxonomy":"product_brand","embeddable":true,"href":"https:\/\/www.delagemusic.fr\/instrument\/wp-json\/wp\/v2\/product_brand?post=10464"},{"taxonomy":"product_cat","embeddable":true,"href":"https:\/\/www.delagemusic.fr\/instrument\/wp-json\/wp\/v2\/product_cat?post=10464"},{"taxonomy":"product_tag","embeddable":true,"href":"https:\/\/www.delagemusic.fr\/instrument\/wp-json\/wp\/v2\/product_tag?post=10464"}],"curies":[{"name":"wp","href":"https:\/\/api.w.org\/{rel}","templated":true}]}}