{"id":10856,"date":"2026-02-13T14:59:56","date_gmt":"2026-02-13T13:59:56","guid":{"rendered":"https:\/\/www.delagemusic.fr\/instrument\/?post_type=product&#038;p=10856"},"modified":"2026-02-14T10:36:17","modified_gmt":"2026-02-14T09:36:17","slug":"saxophone-selmer-tenor-axos-b-stock","status":"publish","type":"product","link":"https:\/\/www.delagemusic.fr\/instrument\/produit\/saxophone-selmer-tenor-axos-b-stock\/","title":{"rendered":"Saxophone Selmer T\u00e9nor Axos B-Stock"},"content":{"rendered":"<div class=\"wpb-content-wrapper\"><p>[vc_row][vc_column][vc_column_text css=\u00a0\u00bb\u00a0\u00bb woodmart_inline=\u00a0\u00bbno\u00a0\u00bb text_larger=\u00a0\u00bbno\u00a0\u00bb]Nous vendons ce saxophone t\u00e9nor Selmer Axos qui a servi durant 2 expositions. Il est donc a un prix inf\u00e9rieur au prix neuf mais est dans un \u00e9tat irr\u00e9prochable !<\/p>\n<p class=\"conditionnement\">Cet instrument vendu en \u00e9tui avec un bec C*<\/p>\n<p class=\"conditionnement\">Il a bien entendu \u00e9t\u00e9 s\u00e9lectionn\u00e9 par un musicien professionnel. Vous pouvez venir l&rsquo;essayer dans notre studio.<\/p>\n<p>[\/vc_column_text][\/vc_column][\/vc_row]<\/p>\n<\/div>","protected":false},"excerpt":{"rendered":"<p>&#8211;<\/p>\n","protected":false},"featured_media":10857,"template":"","meta":[],"product_brand":[],"product_cat":[70,102],"product_tag":[127],"class_list":{"0":"post-10856","1":"product","2":"type-product","3":"status-publish","4":"has-post-thumbnail","6":"product_cat-instruments","7":"product_cat-instruments-professionnel","8":"product_tag-saxophones","10":"first","11":"instock","12":"sale","13":"taxable","14":"shipping-taxable","15":"purchasable","16":"product-type-simple"},"yoast_head":"<title>Saxophone Selmer T\u00e9nor Axos B-Stock - Delage Music<\/title>\n<meta name=\"robots\" content=\"index, follow, max-snippet:-1, max-image-preview:large, max-video-preview:-1\" \/>\n<link rel=\"canonical\" href=\"https:\/\/www.delagemusic.fr\/instrument\/produit\/saxophone-selmer-tenor-axos-b-stock\/\" \/>\n<meta property=\"og:locale\" content=\"fr_FR\" \/>\n<meta property=\"og:type\" content=\"article\" \/>\n<meta property=\"og:title\" content=\"Saxophone Selmer T\u00e9nor Axos B-Stock - Delage Music\" \/>\n<meta property=\"og:description\" content=\"-\" \/>\n<meta property=\"og:url\" content=\"https:\/\/www.delagemusic.fr\/instrument\/produit\/saxophone-selmer-tenor-axos-b-stock\/\" \/>\n<meta property=\"og:site_name\" content=\"Delage Music\" \/>\n<meta property=\"article:modified_time\" content=\"2026-02-14T09:36:17+00:00\" \/>\n<meta property=\"og:image\" content=\"https:\/\/www.delagemusic.fr\/instrument\/wp-content\/uploads\/2026\/02\/57.png\" \/>\n\t<meta property=\"og:image:width\" content=\"600\" \/>\n\t<meta property=\"og:image:height\" content=\"600\" \/>\n\t<meta property=\"og:image:type\" content=\"image\/png\" \/>\n<script type=\"application\/ld+json\" class=\"yoast-schema-graph\">{\"@context\":\"https:\\\/\\\/schema.org\",\"@graph\":[{\"@type\":\"WebPage\",\"@id\":\"https:\\\/\\\/www.delagemusic.fr\\\/instrument\\\/produit\\\/saxophone-selmer-tenor-axos-b-stock\\\/\",\"url\":\"https:\\\/\\\/www.delagemusic.fr\\\/instrument\\\/produit\\\/saxophone-selmer-tenor-axos-b-stock\\\/\",\"name\":\"Saxophone Selmer T\u00e9nor Axos B-Stock - Delage Music\",\"isPartOf\":{\"@id\":\"https:\\\/\\\/www.delagemusic.fr\\\/instrument\\\/#website\"},\"primaryImageOfPage\":{\"@id\":\"https:\\\/\\\/www.delagemusic.fr\\\/instrument\\\/produit\\\/saxophone-selmer-tenor-axos-b-stock\\\/#primaryimage\"},\"image\":{\"@id\":\"https:\\\/\\\/www.delagemusic.fr\\\/instrument\\\/produit\\\/saxophone-selmer-tenor-axos-b-stock\\\/#primaryimage\"},\"thumbnailUrl\":\"https:\\\/\\\/www.delagemusic.fr\\\/instrument\\\/wp-content\\\/uploads\\\/2026\\\/02\\\/57.png\",\"datePublished\":\"2026-02-13T13:59:56+00:00\",\"dateModified\":\"2026-02-14T09:36:17+00:00\",\"breadcrumb\":{\"@id\":\"https:\\\/\\\/www.delagemusic.fr\\\/instrument\\\/produit\\\/saxophone-selmer-tenor-axos-b-stock\\\/#breadcrumb\"},\"inLanguage\":\"fr-FR\",\"potentialAction\":[{\"@type\":\"ReadAction\",\"target\":[\"https:\\\/\\\/www.delagemusic.fr\\\/instrument\\\/produit\\\/saxophone-selmer-tenor-axos-b-stock\\\/\"]}]},{\"@type\":\"ImageObject\",\"inLanguage\":\"fr-FR\",\"@id\":\"https:\\\/\\\/www.delagemusic.fr\\\/instrument\\\/produit\\\/saxophone-selmer-tenor-axos-b-stock\\\/#primaryimage\",\"url\":\"https:\\\/\\\/www.delagemusic.fr\\\/instrument\\\/wp-content\\\/uploads\\\/2026\\\/02\\\/57.png\",\"contentUrl\":\"https:\\\/\\\/www.delagemusic.fr\\\/instrument\\\/wp-content\\\/uploads\\\/2026\\\/02\\\/57.png\",\"width\":600,\"height\":600,\"caption\":\"Delage Music 57\"},{\"@type\":\"BreadcrumbList\",\"@id\":\"https:\\\/\\\/www.delagemusic.fr\\\/instrument\\\/produit\\\/saxophone-selmer-tenor-axos-b-stock\\\/#breadcrumb\",\"itemListElement\":[{\"@type\":\"ListItem\",\"position\":1,\"name\":\"Accueil\",\"item\":\"https:\\\/\\\/www.delagemusic.fr\\\/instrument\\\/\"},{\"@type\":\"ListItem\",\"position\":2,\"name\":\"Boutique\",\"item\":\"https:\\\/\\\/www.delagemusic.fr\\\/instrument\\\/shop\\\/\"},{\"@type\":\"ListItem\",\"position\":3,\"name\":\"Saxophone Selmer T\u00e9nor Axos B-Stock\"}]},{\"@type\":\"WebSite\",\"@id\":\"https:\\\/\\\/www.delagemusic.fr\\\/instrument\\\/#website\",\"url\":\"https:\\\/\\\/www.delagemusic.fr\\\/instrument\\\/\",\"name\":\"Delage Music\",\"description\":\"Instruments, musique et partitions\",\"publisher\":{\"@id\":\"https:\\\/\\\/www.delagemusic.fr\\\/instrument\\\/#organization\"},\"alternateName\":\"Delage Music\",\"potentialAction\":[{\"@type\":\"SearchAction\",\"target\":{\"@type\":\"EntryPoint\",\"urlTemplate\":\"https:\\\/\\\/www.delagemusic.fr\\\/instrument\\\/?s={search_term_string}\"},\"query-input\":{\"@type\":\"PropertyValueSpecification\",\"valueRequired\":true,\"valueName\":\"search_term_string\"}}],\"inLanguage\":\"fr-FR\"},{\"@type\":\"Organization\",\"@id\":\"https:\\\/\\\/www.delagemusic.fr\\\/instrument\\\/#organization\",\"name\":\"Delage Music\",\"alternateName\":\"Delage Music\",\"url\":\"https:\\\/\\\/www.delagemusic.fr\\\/instrument\\\/\",\"logo\":{\"@type\":\"ImageObject\",\"inLanguage\":\"fr-FR\",\"@id\":\"https:\\\/\\\/www.delagemusic.fr\\\/instrument\\\/#\\\/schema\\\/logo\\\/image\\\/\",\"url\":\"https:\\\/\\\/www.delagemusic.fr\\\/instrument\\\/wp-content\\\/uploads\\\/2025\\\/01\\\/delage_music_noir_logo_svg.svg\",\"contentUrl\":\"https:\\\/\\\/www.delagemusic.fr\\\/instrument\\\/wp-content\\\/uploads\\\/2025\\\/01\\\/delage_music_noir_logo_svg.svg\",\"width\":196,\"height\":133,\"caption\":\"Delage Music\"},\"image\":{\"@id\":\"https:\\\/\\\/www.delagemusic.fr\\\/instrument\\\/#\\\/schema\\\/logo\\\/image\\\/\"}}]}<\/script>","yoast_head_json":{"title":"Saxophone Selmer T\u00e9nor Axos B-Stock - Delage Music","robots":{"index":"index","follow":"follow","max-snippet":"max-snippet:-1","max-image-preview":"max-image-preview:large","max-video-preview":"max-video-preview:-1"},"canonical":"https:\/\/www.delagemusic.fr\/instrument\/produit\/saxophone-selmer-tenor-axos-b-stock\/","og_locale":"fr_FR","og_type":"article","og_title":"Saxophone Selmer T\u00e9nor Axos B-Stock - Delage Music","og_description":"-","og_url":"https:\/\/www.delagemusic.fr\/instrument\/produit\/saxophone-selmer-tenor-axos-b-stock\/","og_site_name":"Delage Music","article_modified_time":"2026-02-14T09:36:17+00:00","og_image":[{"width":600,"height":600,"url":"https:\/\/www.delagemusic.fr\/instrument\/wp-content\/uploads\/2026\/02\/57.png","type":"image\/png"}],"schema":{"@context":"https:\/\/schema.org","@graph":[{"@type":"WebPage","@id":"https:\/\/www.delagemusic.fr\/instrument\/produit\/saxophone-selmer-tenor-axos-b-stock\/","url":"https:\/\/www.delagemusic.fr\/instrument\/produit\/saxophone-selmer-tenor-axos-b-stock\/","name":"Saxophone Selmer T\u00e9nor Axos B-Stock - Delage Music","isPartOf":{"@id":"https:\/\/www.delagemusic.fr\/instrument\/#website"},"primaryImageOfPage":{"@id":"https:\/\/www.delagemusic.fr\/instrument\/produit\/saxophone-selmer-tenor-axos-b-stock\/#primaryimage"},"image":{"@id":"https:\/\/www.delagemusic.fr\/instrument\/produit\/saxophone-selmer-tenor-axos-b-stock\/#primaryimage"},"thumbnailUrl":"https:\/\/www.delagemusic.fr\/instrument\/wp-content\/uploads\/2026\/02\/57.png","datePublished":"2026-02-13T13:59:56+00:00","dateModified":"2026-02-14T09:36:17+00:00","breadcrumb":{"@id":"https:\/\/www.delagemusic.fr\/instrument\/produit\/saxophone-selmer-tenor-axos-b-stock\/#breadcrumb"},"inLanguage":"fr-FR","potentialAction":[{"@type":"ReadAction","target":["https:\/\/www.delagemusic.fr\/instrument\/produit\/saxophone-selmer-tenor-axos-b-stock\/"]}]},{"@type":"ImageObject","inLanguage":"fr-FR","@id":"https:\/\/www.delagemusic.fr\/instrument\/produit\/saxophone-selmer-tenor-axos-b-stock\/#primaryimage","url":"https:\/\/www.delagemusic.fr\/instrument\/wp-content\/uploads\/2026\/02\/57.png","contentUrl":"https:\/\/www.delagemusic.fr\/instrument\/wp-content\/uploads\/2026\/02\/57.png","width":600,"height":600,"caption":"Delage Music 57"},{"@type":"BreadcrumbList","@id":"https:\/\/www.delagemusic.fr\/instrument\/produit\/saxophone-selmer-tenor-axos-b-stock\/#breadcrumb","itemListElement":[{"@type":"ListItem","position":1,"name":"Accueil","item":"https:\/\/www.delagemusic.fr\/instrument\/"},{"@type":"ListItem","position":2,"name":"Boutique","item":"https:\/\/www.delagemusic.fr\/instrument\/shop\/"},{"@type":"ListItem","position":3,"name":"Saxophone Selmer T\u00e9nor Axos B-Stock"}]},{"@type":"WebSite","@id":"https:\/\/www.delagemusic.fr\/instrument\/#website","url":"https:\/\/www.delagemusic.fr\/instrument\/","name":"Delage Music","description":"Instruments, musique et partitions","publisher":{"@id":"https:\/\/www.delagemusic.fr\/instrument\/#organization"},"alternateName":"Delage Music","potentialAction":[{"@type":"SearchAction","target":{"@type":"EntryPoint","urlTemplate":"https:\/\/www.delagemusic.fr\/instrument\/?s={search_term_string}"},"query-input":{"@type":"PropertyValueSpecification","valueRequired":true,"valueName":"search_term_string"}}],"inLanguage":"fr-FR"},{"@type":"Organization","@id":"https:\/\/www.delagemusic.fr\/instrument\/#organization","name":"Delage Music","alternateName":"Delage Music","url":"https:\/\/www.delagemusic.fr\/instrument\/","logo":{"@type":"ImageObject","inLanguage":"fr-FR","@id":"https:\/\/www.delagemusic.fr\/instrument\/#\/schema\/logo\/image\/","url":"https:\/\/www.delagemusic.fr\/instrument\/wp-content\/uploads\/2025\/01\/delage_music_noir_logo_svg.svg","contentUrl":"https:\/\/www.delagemusic.fr\/instrument\/wp-content\/uploads\/2025\/01\/delage_music_noir_logo_svg.svg","width":196,"height":133,"caption":"Delage Music"},"image":{"@id":"https:\/\/www.delagemusic.fr\/instrument\/#\/schema\/logo\/image\/"}}]}},"_links":{"self":[{"href":"https:\/\/www.delagemusic.fr\/instrument\/wp-json\/wp\/v2\/product\/10856","targetHints":{"allow":["GET"]}}],"collection":[{"href":"https:\/\/www.delagemusic.fr\/instrument\/wp-json\/wp\/v2\/product"}],"about":[{"href":"https:\/\/www.delagemusic.fr\/instrument\/wp-json\/wp\/v2\/types\/product"}],"wp:featuredmedia":[{"embeddable":true,"href":"https:\/\/www.delagemusic.fr\/instrument\/wp-json\/wp\/v2\/media\/10857"}],"wp:attachment":[{"href":"https:\/\/www.delagemusic.fr\/instrument\/wp-json\/wp\/v2\/media?parent=10856"}],"wp:term":[{"taxonomy":"product_brand","embeddable":true,"href":"https:\/\/www.delagemusic.fr\/instrument\/wp-json\/wp\/v2\/product_brand?post=10856"},{"taxonomy":"product_cat","embeddable":true,"href":"https:\/\/www.delagemusic.fr\/instrument\/wp-json\/wp\/v2\/product_cat?post=10856"},{"taxonomy":"product_tag","embeddable":true,"href":"https:\/\/www.delagemusic.fr\/instrument\/wp-json\/wp\/v2\/product_tag?post=10856"}],"curies":[{"name":"wp","href":"https:\/\/api.w.org\/{rel}","templated":true}]}}